{"id":955,"date":"2019-08-06T21:23:22","date_gmt":"2019-08-06T19:23:22","guid":{"rendered":"http:\/\/untendanses.com\/?page_id=955"},"modified":"2024-09-14T16:13:10","modified_gmt":"2024-09-14T14:13:10","slug":"sandra-tavares","status":"publish","type":"page","link":"https:\/\/untendanses.com\/index.php\/sandra-tavares\/","title":{"rendered":"Sandra Tavares"},"content":{"rendered":"\t\t<div data-elementor-type=\"wp-page\" data-elementor-id=\"955\" class=\"elementor elementor-955\">\n\t\t\t\t\t\t<section class=\"elementor-section elementor-top-section elementor-element elementor-element-62618e0 animated-slow elementor-section-boxed elementor-section-height-default elementor-section-height-default elementor-invisible\" data-id=\"62618e0\" data-element_type=\"section\" data-settings=\"{&quot;animation&quot;:&quot;fadeInLeft&quot;,&quot;background_background&quot;:&quot;slideshow&quot;,&quot;background_slideshow_gallery&quot;:[{&quot;id&quot;:1850,&quot;url&quot;:&quot;http:\\\/\\\/untendanses.com\\\/wp-content\\\/uploads\\\/2021\\\/08\\\/SandraDanse086_13-scaled.jpg&quot;}],&quot;shape_divider_top&quot;:&quot;pyramids&quot;,&quot;shape_divider_top_negative&quot;:&quot;yes&quot;,&quot;shape_divider_bottom&quot;:&quot;triangle-asymmetrical&quot;,&quot;background_slideshow_loop&quot;:&quot;yes&quot;,&quot;background_slideshow_slide_duration&quot;:5000,&quot;background_slideshow_slide_transition&quot;:&quot;fade&quot;,&quot;background_slideshow_transition_duration&quot;:500}\">\n\t\t\t\t\t<div class=\"elementor-shape elementor-shape-top\" aria-hidden=\"true\" data-negative=\"true\">\n\t\t\t<svg xmlns=\"http:\/\/www.w3.org\/2000\/svg\" viewBox=\"0 0 1000 100\" preserveAspectRatio=\"none\">\n\t<path class=\"elementor-shape-fill\" d=\"M761.9,40.6L643.1,24L333.9,93.8L0.1,1H0v99h1000V1\"\/>\n<\/svg>\t\t<\/div>\n\t\t\t\t<div class=\"elementor-shape elementor-shape-bottom\" aria-hidden=\"true\" data-negative=\"false\">\n\t\t\t<svg xmlns=\"http:\/\/www.w3.org\/2000\/svg\" viewBox=\"0 0 1000 100\" preserveAspectRatio=\"none\">\n\t<path class=\"elementor-shape-fill\" d=\"M738,99l262-93V0H0v5.6L738,99z\"\/>\n<\/svg>\t\t<\/div>\n\t\t\t\t\t<div class=\"elementor-container elementor-column-gap-default\">\n\t\t\t\t\t<div class=\"elementor-column elementor-col-100 elementor-top-column elementor-element elementor-element-355436c\" data-id=\"355436c\" data-element_type=\"column\">\n\t\t\t<div class=\"elementor-widget-wrap\">\n\t\t\t\t\t\t\t<\/div>\n\t\t<\/div>\n\t\t\t\t\t<\/div>\n\t\t<\/section>\n\t\t\t\t<section class=\"elementor-section elementor-top-section elementor-element elementor-element-231fdaa animated-slow elementor-section-full_width elementor-section-height-default elementor-section-height-default elementor-invisible\" data-id=\"231fdaa\" data-element_type=\"section\" data-settings=\"{&quot;animation&quot;:&quot;fadeInRight&quot;,&quot;background_background&quot;:&quot;classic&quot;}\">\n\t\t\t\t\t\t<div class=\"elementor-container elementor-column-gap-wider\">\n\t\t\t\t\t<div class=\"elementor-column elementor-col-100 elementor-top-column elementor-element elementor-element-d31ffb0\" data-id=\"d31ffb0\" data-element_type=\"column\">\n\t\t\t<div class=\"elementor-widget-wrap elementor-element-populated\">\n\t\t\t\t\t\t<div class=\"elementor-element elementor-element-9da4f11 elementor-widget elementor-widget-heading\" data-id=\"9da4f11\" data-element_type=\"widget\" data-widget_type=\"heading.default\">\n\t\t\t\t<div class=\"elementor-widget-container\">\n\t\t\t\t\t<h2 class=\"elementor-heading-title elementor-size-default\">Sandra Tavares<\/h2>\t\t\t\t<\/div>\n\t\t\t\t<\/div>\n\t\t\t\t\t<\/div>\n\t\t<\/div>\n\t\t\t\t\t<\/div>\n\t\t<\/section>\n\t\t\t\t<section class=\"elementor-section elementor-top-section elementor-element elementor-element-db8d924 elementor-section-boxed elementor-section-height-default elementor-section-height-default\" data-id=\"db8d924\" data-element_type=\"section\">\n\t\t\t\t\t\t<div class=\"elementor-container elementor-column-gap-default\">\n\t\t\t\t\t<div class=\"elementor-column elementor-col-100 elementor-top-column elementor-element elementor-element-3d1ca62\" data-id=\"3d1ca62\" data-element_type=\"column\">\n\t\t\t<div class=\"elementor-widget-wrap elementor-element-populated\">\n\t\t\t\t\t\t<div class=\"elementor-element elementor-element-a104a39 elementor-widget elementor-widget-text-editor\" data-id=\"a104a39\" data-element_type=\"widget\" data-widget_type=\"text-editor.default\">\n\t\t\t\t<div class=\"elementor-widget-container\">\n\t\t\t\t\t\t\t\t\t<p>D&rsquo;origine Cap-verdienne et Portugaise, son enfance s\u2019inscrit dans l\u2019h\u00e9ritage complexe d\u2019une double culture, qui n\u00e9cessite un questionnement permanent de la place que l\u2019on prend.<\/p><p>Sa curiosit\u00e9, la question de l\u2019autre et du corps ont \u00e9t\u00e9 des signaux sociaux et culturels, objet d\u2019analyse de son histoire. G\u00e9n\u00e9rant une possibilit\u00e9 de r\u00e9agir et de d\u00e9velopper une expression qui t\u00e9moigne d\u2019elle-m\u00eame.<\/p><p>Arriv\u00e9e \u00e0 Bordeaux, elle s\u2019initie aux danses traditionnelles d\u2019Afrique, avec Ousmane Gallo et par la suite l\u2019afro-contemporain au Centre de danses L\u2019alternative avec Caroline Fabre et Norbert S\u00e9nou, \u00e0 l\u2019atelier 14 avec Vincent Harisdo et Andy Scott. Et approche le travail, d\u2019Auguste et Bienvenu, Elsa Woliiaston, Norma Claire, entre autres.<\/p><p>Le mouvement dans\u00e9 devient source de recherche, et elle glisse vers une pratique de la danse contemporaine avec Julie Oosthoek au Cuvier et ensuite \u00e0 la Manufacture CDCN, o\u00f9 elle d\u00e9couvre le travail et processus de cr\u00e9ation de diff\u00e9rents chor\u00e9graphes (Calixto Neto, Yuval Pick, Anne Nguyen,Claudia Catarzi, Soraya Thomas, Christos Papadolous, Gilles Baron, Michel Schweizer, Massimo Fusco, Hamid Ben Mahi, Naomi Mutoh, Anne Nguyen, \u2026)\u00a0<\/p><p>En m\u00eame temps elle s\u2019engage dans un accompagnement personnel au But\u00f4, avec Naomi Mutoh (Cie Medulla), pendant deux ans<\/p><p>Cette qu\u00eate et recherche autour du mouvement la conduisent \u00e0 d\u00e9couvrir<span class=\"Apple-converted-space\">\u00a0 <\/span>et se Certifier en danse th\u00e9rapie avec Beno\u00eet Lesage et Angela Loureiro.<span class=\"Apple-converted-space\">\u00a0<\/span><\/p><p>Son travail s\u2019appuie sur des connaissances du champ artistique, psycho-corporel et psychopathologique destin\u00e9es \u00e0 l\u2019accompagnement d\u2019un cheminement vers un mieux-\u00eatre du sujet. Accompagner vers une ouverture plus large du monde et de l\u2019autre.<\/p><p>Apr\u00e8s plusieurs ann\u00e9es de transmission de la danse en institutions et associations, \u00ab Spirale \u00bb est son premier projet chor\u00e9graphique de groupe.<\/p><p>Sandra d\u00e9fend une pratique artistique pour tous, engag\u00e9e dans la question du vivant et de la condition humaine. Un art qui reste \u00e0 l\u2019\u00e9coute du monde et du divers.<\/p>\t\t\t\t\t\t\t\t<\/div>\n\t\t\t\t<\/div>\n\t\t\t\t\t<\/div>\n\t\t<\/div>\n\t\t\t\t\t<\/div>\n\t\t<\/section>\n\t\t\t\t<section class=\"elementor-section elementor-top-section elementor-element elementor-element-f30aa9a elementor-section-boxed elementor-section-height-default elementor-section-height-default\" data-id=\"f30aa9a\" data-element_type=\"section\">\n\t\t\t\t\t\t<div class=\"elementor-container elementor-column-gap-default\">\n\t\t\t\t\t<div class=\"elementor-column elementor-col-100 elementor-top-column elementor-element elementor-element-1dafda5\" data-id=\"1dafda5\" data-element_type=\"column\">\n\t\t\t<div class=\"elementor-widget-wrap elementor-element-populated\">\n\t\t\t\t\t\t<div class=\"elementor-element elementor-element-e7215cc elementor-widget elementor-widget-text-editor\" data-id=\"e7215cc\" data-element_type=\"widget\" data-widget_type=\"text-editor.default\">\n\t\t\t\t<div class=\"elementor-widget-container\">\n\t\t\t\t\t\t\t\t\t<p><a href=\"http:\/\/untendanses.com\/wp-content\/uploads\/2024\/09\/CV-SandraTavares-1.pdf\">VOIR CV<\/a><\/p>\t\t\t\t\t\t\t\t<\/div>\n\t\t\t\t<\/div>\n\t\t\t\t\t<\/div>\n\t\t<\/div>\n\t\t\t\t\t<\/div>\n\t\t<\/section>\n\t\t\t\t<\/div>\n\t\t","protected":false},"excerpt":{"rendered":"<p>Sandra Tavares D&rsquo;origine Cap-verdienne et Portugaise, son enfance s\u2019inscrit dans l\u2019h\u00e9ritage complexe d\u2019une double culture, qui n\u00e9cessite un questionnement permanent de la place que l\u2019on prend. Sa curiosit\u00e9, la question de l\u2019autre et du corps ont \u00e9t\u00e9 des signaux sociaux et culturels, objet d\u2019analyse de son histoire. G\u00e9n\u00e9rant une possibilit\u00e9 de r\u00e9agir et de d\u00e9velopper [&hellip;]<\/p>\n","protected":false},"author":1,"featured_media":0,"parent":0,"menu_order":0,"comment_status":"closed","ping_status":"closed","template":"elementor_header_footer","meta":{"footnotes":""},"class_list":["post-955","page","type-page","status-publish","hentry"],"_links":{"self":[{"href":"https:\/\/untendanses.com\/index.php\/wp-json\/wp\/v2\/pages\/955","targetHints":{"allow":["GET"]}}],"collection":[{"href":"https:\/\/untendanses.com\/index.php\/wp-json\/wp\/v2\/pages"}],"about":[{"href":"https:\/\/untendanses.com\/index.php\/wp-json\/wp\/v2\/types\/page"}],"author":[{"embeddable":true,"href":"https:\/\/untendanses.com\/index.php\/wp-json\/wp\/v2\/users\/1"}],"replies":[{"embeddable":true,"href":"https:\/\/untendanses.com\/index.php\/wp-json\/wp\/v2\/comments?post=955"}],"version-history":[{"count":553,"href":"https:\/\/untendanses.com\/index.php\/wp-json\/wp\/v2\/pages\/955\/revisions"}],"predecessor-version":[{"id":5517,"href":"https:\/\/untendanses.com\/index.php\/wp-json\/wp\/v2\/pages\/955\/revisions\/5517"}],"wp:attachment":[{"href":"https:\/\/untendanses.com\/index.php\/wp-json\/wp\/v2\/media?parent=955"}],"curies":[{"name":"wp","href":"https:\/\/api.w.org\/{rel}","templated":true}]}}