{"id":919,"date":"2019-07-31T13:37:30","date_gmt":"2019-07-31T11:37:30","guid":{"rendered":"http:\/\/untendanses.com\/?page_id=919"},"modified":"2026-03-16T18:06:02","modified_gmt":"2026-03-16T17:06:02","slug":"la-danse-adultes","status":"publish","type":"page","link":"https:\/\/untendanses.com\/index.php\/la-danse-adultes\/","title":{"rendered":"Les stages de danse"},"content":{"rendered":"\t\t<div data-elementor-type=\"wp-page\" data-elementor-id=\"919\" class=\"elementor elementor-919\">\n\t\t\t\t\t\t<section class=\"elementor-section elementor-top-section elementor-element elementor-element-2fab56f elementor-section-boxed elementor-section-height-default elementor-section-height-default\" data-id=\"2fab56f\" data-element_type=\"section\">\n\t\t\t\t\t\t<div class=\"elementor-container elementor-column-gap-default\">\n\t\t\t\t\t<div class=\"elementor-column elementor-col-100 elementor-top-column elementor-element elementor-element-1521292\" data-id=\"1521292\" data-element_type=\"column\">\n\t\t\t<div class=\"elementor-widget-wrap elementor-element-populated\">\n\t\t\t\t\t\t<div class=\"elementor-element elementor-element-fa84d7b elementor-widget elementor-widget-heading\" data-id=\"fa84d7b\" data-element_type=\"widget\" data-widget_type=\"heading.default\">\n\t\t\t\t<div class=\"elementor-widget-container\">\n\t\t\t\t\t<h2 class=\"elementor-heading-title elementor-size-default\">Atelier Danse Th\u00e9rapie et composition<\/h2>\t\t\t\t<\/div>\n\t\t\t\t<\/div>\n\t\t\t\t\t<\/div>\n\t\t<\/div>\n\t\t\t\t\t<\/div>\n\t\t<\/section>\n\t\t\t\t<section class=\"elementor-section elementor-top-section elementor-element elementor-element-f34dd61 elementor-section-boxed elementor-section-height-default elementor-section-height-default\" data-id=\"f34dd61\" data-element_type=\"section\">\n\t\t\t\t\t\t<div class=\"elementor-container elementor-column-gap-default\">\n\t\t\t\t\t<div class=\"elementor-column elementor-col-100 elementor-top-column elementor-element elementor-element-b495f27\" data-id=\"b495f27\" data-element_type=\"column\">\n\t\t\t<div class=\"elementor-widget-wrap elementor-element-populated\">\n\t\t\t\t\t\t<div class=\"elementor-element elementor-element-f0459fe elementor-widget elementor-widget-image\" data-id=\"f0459fe\" data-element_type=\"widget\" data-widget_type=\"image.default\">\n\t\t\t\t<div class=\"elementor-widget-container\">\n\t\t\t\t\t\t\t\t\t\t\t\t\t\t\t<img fetchpriority=\"high\" decoding=\"async\" width=\"1024\" height=\"683\" src=\"https:\/\/untendanses.com\/wp-content\/uploads\/2026\/02\/Bouger-respirer-creer-_-ateliers-danse-1024x683.png\" class=\"attachment-large size-large wp-image-5964\" alt=\"\" srcset=\"https:\/\/untendanses.com\/wp-content\/uploads\/2026\/02\/Bouger-respirer-creer-_-ateliers-danse-1024x683.png 1024w, https:\/\/untendanses.com\/wp-content\/uploads\/2026\/02\/Bouger-respirer-creer-_-ateliers-danse-300x200.png 300w, https:\/\/untendanses.com\/wp-content\/uploads\/2026\/02\/Bouger-respirer-creer-_-ateliers-danse-768x512.png 768w, https:\/\/untendanses.com\/wp-content\/uploads\/2026\/02\/Bouger-respirer-creer-_-ateliers-danse.png 1536w\" sizes=\"(max-width: 1024px) 100vw, 1024px\" \/>\t\t\t\t\t\t\t\t\t\t\t\t\t\t\t<\/div>\n\t\t\t\t<\/div>\n\t\t\t\t\t<\/div>\n\t\t<\/div>\n\t\t\t\t\t<\/div>\n\t\t<\/section>\n\t\t\t\t<section class=\"elementor-section elementor-top-section elementor-element elementor-element-cdf90f5 animated-slow elementor-section-boxed elementor-section-height-default elementor-section-height-default elementor-invisible\" data-id=\"cdf90f5\" data-element_type=\"section\" data-settings=\"{&quot;background_background&quot;:&quot;classic&quot;,&quot;animation&quot;:&quot;fadeInDown&quot;}\">\n\t\t\t\t\t\t<div class=\"elementor-container elementor-column-gap-wider\">\n\t\t\t\t\t<div class=\"elementor-column elementor-col-50 elementor-top-column elementor-element elementor-element-0787e1a\" data-id=\"0787e1a\" data-element_type=\"column\">\n\t\t\t<div class=\"elementor-widget-wrap elementor-element-populated\">\n\t\t\t\t\t\t<div class=\"elementor-element elementor-element-97d1f32 elementor-widget elementor-widget-heading\" data-id=\"97d1f32\" data-element_type=\"widget\" data-widget_type=\"heading.default\">\n\t\t\t\t<div class=\"elementor-widget-container\">\n\t\t\t\t\t<h4 class=\"elementor-heading-title elementor-size-default\">Danse-Th\u00e9rapie et composition<\/h4>\t\t\t\t<\/div>\n\t\t\t\t<\/div>\n\t\t\t\t<div class=\"elementor-element elementor-element-5958f8c elementor-widget elementor-widget-text-editor\" data-id=\"5958f8c\" data-element_type=\"widget\" data-widget_type=\"text-editor.default\">\n\t\t\t\t<div class=\"elementor-widget-container\">\n\t\t\t\t\t\t\t\t\t<p>Dans cet atelier la danse devient un outil th\u00e9rapeutique, visant \u00e0 am\u00e9liorer la conscience corporelle. Les s\u00e9ances sont con\u00e7ues pour aider \u00e0 mieux comprendre et structurer le corps, espace et temps, \u00e0 travers le mouvement.\u00a0<\/p><p>C&rsquo;est un parcours o\u00f9 le mouvement et le geste contribuent \u00e0 l&rsquo;harmonisation du corps-esprit. C&rsquo;est une approche holistique du corps, qui combine expression artistique et bien-\u00eatre. Ils sont ouverts \u00e0 tous ceux qui cherchent \u00e0 approfondir leur connexion avec leur corps et \u00e0 explorer de nouvelles formes de mouvement.<\/p>\t\t\t\t\t\t\t\t<\/div>\n\t\t\t\t<\/div>\n\t\t\t\t\t<\/div>\n\t\t<\/div>\n\t\t\t\t<div class=\"elementor-column elementor-col-50 elementor-top-column elementor-element elementor-element-320cb60\" data-id=\"320cb60\" data-element_type=\"column\">\n\t\t\t<div class=\"elementor-widget-wrap elementor-element-populated\">\n\t\t\t\t\t\t<div class=\"elementor-element elementor-element-37efd60 elementor-widget elementor-widget-text-editor\" data-id=\"37efd60\" data-element_type=\"widget\" data-widget_type=\"text-editor.default\">\n\t\t\t\t<div class=\"elementor-widget-container\">\n\t\t\t\t\t\t\t\t\t<p><strong>Intervenante<\/strong>\u00a0Sandra Tavares<\/p><p><strong>R\u00e9servation <\/strong>Sandra au 0614110819<\/p><p>s.tavares@untendanses.com<\/p>\t\t\t\t\t\t\t\t<\/div>\n\t\t\t\t<\/div>\n\t\t\t\t<div class=\"elementor-element elementor-element-d0ecaa8 elementor-widget elementor-widget-text-editor\" data-id=\"d0ecaa8\" data-element_type=\"widget\" data-widget_type=\"text-editor.default\">\n\t\t\t\t<div class=\"elementor-widget-container\">\n\t\t\t\t\t\t\t\t\t<p><strong>CONDITIONS<\/strong><\/p><p><strong>Adh\u00e9sion<\/strong> \u00e0 l&rsquo;association Untendanses 10\u20ac.\u00a0<\/p><p><strong>Co\u00fbt<\/strong>\u00a0 35\u20ac l&rsquo;atelier<\/p><p>Tarif r\u00e9duit, nous contacter (\u00e9tudiants, RSA, ch\u00f4mage, s\u00e9niors )<\/p><h4>Adh\u00e9sion sur <a href=\"https:\/\/www.helloasso.com\/associations\/untendanses\/adhesions\/adhesions-2025-26\">Helloasso<\/a><\/h4>\t\t\t\t\t\t\t\t<\/div>\n\t\t\t\t<\/div>\n\t\t\t\t\t<\/div>\n\t\t<\/div>\n\t\t\t\t\t<\/div>\n\t\t<\/section>\n\t\t\t\t<\/div>\n\t\t","protected":false},"excerpt":{"rendered":"<p>Atelier Danse Th\u00e9rapie et composition Danse-Th\u00e9rapie et composition Dans cet atelier la danse devient un outil th\u00e9rapeutique, visant \u00e0 am\u00e9liorer la conscience corporelle. Les s\u00e9ances sont con\u00e7ues pour aider \u00e0 mieux comprendre et structurer le corps, espace et temps, \u00e0 travers le mouvement.\u00a0 C&rsquo;est un parcours o\u00f9 le mouvement et le geste contribuent \u00e0 l&rsquo;harmonisation [&hellip;]<\/p>\n","protected":false},"author":1,"featured_media":0,"parent":0,"menu_order":0,"comment_status":"closed","ping_status":"closed","template":"elementor_header_footer","meta":{"footnotes":""},"class_list":["post-919","page","type-page","status-publish","hentry"],"_links":{"self":[{"href":"https:\/\/untendanses.com\/index.php\/wp-json\/wp\/v2\/pages\/919","targetHints":{"allow":["GET"]}}],"collection":[{"href":"https:\/\/untendanses.com\/index.php\/wp-json\/wp\/v2\/pages"}],"about":[{"href":"https:\/\/untendanses.com\/index.php\/wp-json\/wp\/v2\/types\/page"}],"author":[{"embeddable":true,"href":"https:\/\/untendanses.com\/index.php\/wp-json\/wp\/v2\/users\/1"}],"replies":[{"embeddable":true,"href":"https:\/\/untendanses.com\/index.php\/wp-json\/wp\/v2\/comments?post=919"}],"version-history":[{"count":945,"href":"https:\/\/untendanses.com\/index.php\/wp-json\/wp\/v2\/pages\/919\/revisions"}],"predecessor-version":[{"id":6039,"href":"https:\/\/untendanses.com\/index.php\/wp-json\/wp\/v2\/pages\/919\/revisions\/6039"}],"wp:attachment":[{"href":"https:\/\/untendanses.com\/index.php\/wp-json\/wp\/v2\/media?parent=919"}],"curies":[{"name":"wp","href":"https:\/\/api.w.org\/{rel}","templated":true}]}}