{"id":877,"date":"2019-07-29T20:00:00","date_gmt":"2019-07-29T18:00:00","guid":{"rendered":"http:\/\/untendanses.com\/?page_id=877"},"modified":"2026-02-23T19:57:22","modified_gmt":"2026-02-23T18:57:22","slug":"temps-dactivites-periscolaires","status":"publish","type":"page","link":"https:\/\/untendanses.com\/index.php\/temps-dactivites-periscolaires\/","title":{"rendered":"La danse des petits"},"content":{"rendered":"\t\t<div data-elementor-type=\"wp-page\" data-elementor-id=\"877\" class=\"elementor elementor-877\">\n\t\t\t\t\t\t<section class=\"elementor-section elementor-top-section elementor-element elementor-element-2a32b3a elementor-section-full_width elementor-section-stretched elementor-section-height-default elementor-section-height-default\" data-id=\"2a32b3a\" data-element_type=\"section\" data-settings=\"{&quot;stretch_section&quot;:&quot;section-stretched&quot;}\">\n\t\t\t\t\t\t<div class=\"elementor-container elementor-column-gap-default\">\n\t\t\t\t\t<div class=\"elementor-column elementor-col-100 elementor-top-column elementor-element elementor-element-3b15872\" data-id=\"3b15872\" data-element_type=\"column\">\n\t\t\t<div class=\"elementor-widget-wrap elementor-element-populated\">\n\t\t\t\t\t\t<div class=\"elementor-element elementor-element-1dcb639 elementor-widget elementor-widget-heading\" data-id=\"1dcb639\" data-element_type=\"widget\" data-widget_type=\"heading.default\">\n\t\t\t\t<div class=\"elementor-widget-container\">\n\t\t\t\t\t<h3 class=\"elementor-heading-title elementor-size-default\">Stages Enfants \u2013 Expression corporelle &amp; \u00e9veil corporel\u00a0\n<\/h3>\t\t\t\t<\/div>\n\t\t\t\t<\/div>\n\t\t\t\t\t<\/div>\n\t\t<\/div>\n\t\t\t\t\t<\/div>\n\t\t<\/section>\n\t\t\t\t<section class=\"elementor-section elementor-top-section elementor-element elementor-element-71bae3d animated-slow elementor-section-stretched elementor-section-boxed elementor-section-height-default elementor-section-height-default elementor-invisible\" data-id=\"71bae3d\" data-element_type=\"section\" data-settings=\"{&quot;background_background&quot;:&quot;classic&quot;,&quot;animation&quot;:&quot;fadeInDown&quot;,&quot;animation_delay&quot;:1000,&quot;stretch_section&quot;:&quot;section-stretched&quot;}\">\n\t\t\t\t\t\t<div class=\"elementor-container elementor-column-gap-no\">\n\t\t\t\t\t<div class=\"elementor-column elementor-col-100 elementor-top-column elementor-element elementor-element-c7958b5\" data-id=\"c7958b5\" data-element_type=\"column\" data-settings=\"{&quot;background_background&quot;:&quot;classic&quot;}\">\n\t\t\t<div class=\"elementor-widget-wrap elementor-element-populated\">\n\t\t\t\t\t\t<div class=\"elementor-element elementor-element-a90f9a3 elementor-widget elementor-widget-text-editor\" data-id=\"a90f9a3\" data-element_type=\"widget\" data-widget_type=\"text-editor.default\">\n\t\t\t\t<div class=\"elementor-widget-container\">\n\t\t\t\t\t\t\t\t\t<pre><span style=\"font-family: arial, helvetica, sans-serif;\">\"Le d\u00e9veloppement du mouvement est un facteur critique pour \u00e9tablir la conscience de soi de l'enfant par rapport aux autres et \u00e0 l'environnement, et pour mettre en relation ses besoins \u00e9motionnels internes et les demandes externes.\"<\/span><\/pre><p><span style=\"font-size: 10pt;\">Bartenieff, I., Effort-shape analysis of mouvement, p.29. Traduction de cet extrait par A. Loureiro de Souza, Effort l&rsquo;alternance dynamique, p.86<\/span><\/p>\t\t\t\t\t\t\t\t<\/div>\n\t\t\t\t<\/div>\n\t\t\t\t\t<\/div>\n\t\t<\/div>\n\t\t\t\t\t<\/div>\n\t\t<\/section>\n\t\t\t\t<section class=\"elementor-section elementor-top-section elementor-element elementor-element-b3ae0f1 animated-slow elementor-section-boxed elementor-section-height-default elementor-section-height-default elementor-invisible\" data-id=\"b3ae0f1\" data-element_type=\"section\" data-settings=\"{&quot;animation&quot;:&quot;fadeInLeft&quot;}\">\n\t\t\t\t\t\t<div class=\"elementor-container elementor-column-gap-default\">\n\t\t\t\t\t<div class=\"elementor-column elementor-col-100 elementor-top-column elementor-element elementor-element-a0c9aa4\" data-id=\"a0c9aa4\" data-element_type=\"column\">\n\t\t\t<div class=\"elementor-widget-wrap elementor-element-populated\">\n\t\t\t\t\t\t\t<\/div>\n\t\t<\/div>\n\t\t\t\t\t<\/div>\n\t\t<\/section>\n\t\t\t\t<section class=\"elementor-section elementor-top-section elementor-element elementor-element-0863a2a animated-slow elementor-section-stretched elementor-section-boxed elementor-section-height-default elementor-section-height-default elementor-invisible\" data-id=\"0863a2a\" data-element_type=\"section\" data-settings=\"{&quot;animation&quot;:&quot;fadeInUp&quot;,&quot;background_background&quot;:&quot;classic&quot;,&quot;stretch_section&quot;:&quot;section-stretched&quot;}\">\n\t\t\t\t\t\t<div class=\"elementor-container elementor-column-gap-default\">\n\t\t\t\t\t<div class=\"elementor-column elementor-col-50 elementor-top-column elementor-element elementor-element-02672db\" data-id=\"02672db\" data-element_type=\"column\">\n\t\t\t<div class=\"elementor-widget-wrap elementor-element-populated\">\n\t\t\t\t\t\t<div class=\"elementor-element elementor-element-efb129b elementor-widget elementor-widget-text-editor\" data-id=\"efb129b\" data-element_type=\"widget\" data-widget_type=\"text-editor.default\">\n\t\t\t\t<div class=\"elementor-widget-container\">\n\t\t\t\t\t\t\t\t\t<p>Le mouvement joue un r\u00f4le essentiel dans la construction de la conscience de soi de l&rsquo;enfant. Lorsqu&rsquo;un enfant est capable de bouger librement et d&rsquo;explorer son environnement, il d\u00e9veloppe une compr\u00e9hension plus profonde de son propre corps et de ses capacit\u00e9s physiques.<\/p><p>Le mouvement permet \u00e9galement \u00e0 l&rsquo;enfant d&rsquo;interagir avec les autres et d&rsquo;\u00e9tablir des relations sociales. En jouant avec d&rsquo;autres enfants et en participant \u00e0 des activit\u00e9s corporelles, l&rsquo;enfant apprend \u00e0 se situer par rapport aux autres et \u00e0 comprendre les dynamiques sociales.<\/p><p>Au travers de la danse, les enfants seront guid\u00e9s \u00e0 explorer les notions fondamentales telles que la recherche du mouvement dans\u00e9, le travail en relation, l&rsquo;espace, le rythme et le temps.<\/p>\t\t\t\t\t\t\t\t<\/div>\n\t\t\t\t<\/div>\n\t\t\t\t<div class=\"elementor-element elementor-element-a3007c7 elementor-widget elementor-widget-image\" data-id=\"a3007c7\" data-element_type=\"widget\" data-widget_type=\"image.default\">\n\t\t\t\t<div class=\"elementor-widget-container\">\n\t\t\t\t\t\t\t\t\t\t\t\t\t\t\t<img fetchpriority=\"high\" decoding=\"async\" width=\"1024\" height=\"733\" src=\"https:\/\/untendanses.com\/wp-content\/uploads\/2023\/03\/290917181_1272407963165322_5089486128158789709_n-e1707264372354-1024x733.jpg\" class=\"attachment-large size-large wp-image-3182\" alt=\"\" srcset=\"https:\/\/untendanses.com\/wp-content\/uploads\/2023\/03\/290917181_1272407963165322_5089486128158789709_n-e1707264372354-1024x733.jpg 1024w, https:\/\/untendanses.com\/wp-content\/uploads\/2023\/03\/290917181_1272407963165322_5089486128158789709_n-e1707264372354-300x215.jpg 300w, https:\/\/untendanses.com\/wp-content\/uploads\/2023\/03\/290917181_1272407963165322_5089486128158789709_n-e1707264372354-768x550.jpg 768w, https:\/\/untendanses.com\/wp-content\/uploads\/2023\/03\/290917181_1272407963165322_5089486128158789709_n-e1707264372354-1536x1099.jpg 1536w, https:\/\/untendanses.com\/wp-content\/uploads\/2023\/03\/290917181_1272407963165322_5089486128158789709_n-e1707264372354.jpg 1745w\" sizes=\"(max-width: 1024px) 100vw, 1024px\" \/>\t\t\t\t\t\t\t\t\t\t\t\t\t\t\t<\/div>\n\t\t\t\t<\/div>\n\t\t\t\t\t<\/div>\n\t\t<\/div>\n\t\t\t\t<div class=\"elementor-column elementor-col-50 elementor-top-column elementor-element elementor-element-254a0a5\" data-id=\"254a0a5\" data-element_type=\"column\">\n\t\t\t<div class=\"elementor-widget-wrap elementor-element-populated\">\n\t\t\t\t\t\t<div class=\"elementor-element elementor-element-642d973 elementor-widget elementor-widget-text-editor\" data-id=\"642d973\" data-element_type=\"widget\" data-widget_type=\"text-editor.default\">\n\t\t\t\t<div class=\"elementor-widget-container\">\n\t\t\t\t\t\t\t\t\t<h3 data-start=\"99\" data-end=\"144\">Stages mensuels &amp; vacances scolaires<\/h3><p data-start=\"145\" data-end=\"190\"><strong data-start=\"145\" data-end=\"188\">Pour enfants 7 \u00e0 12 ans)<\/strong><\/p><p data-start=\"192\" data-end=\"364\"><strong data-start=\"195\" data-end=\"230\">Un samedi par mois d\u00e8s novembre<\/strong><br data-start=\"230\" data-end=\"233\" \/>Un rendez-vous cr\u00e9atif r\u00e9gulier pour bouger, s\u2019exprimer et s\u2019amuser \u00e0 travers la danse-th\u00e9\u00e2tre.<br data-start=\"328\" data-end=\"331\" \/>Dates \u00e0 venir prochainement.<\/p><hr data-start=\"366\" data-end=\"369\" \/><h3 data-start=\"371\" data-end=\"417\">Stages pendant les vacances scolaires<\/h3><p data-start=\"418\" data-end=\"552\">5 jours de stage intensif pour explorer, cr\u00e9er et partager\u2026<br data-start=\"477\" data-end=\"480\" \/>Avec une restitution festive en fin de semaine devant les familles !<\/p><p data-start=\"554\" data-end=\"599\"><strong data-start=\"693\" data-end=\"752\">Groupes d\u2019\u00e2ge (places limit\u00e9es \u00e0 8 enfants par cr\u00e9neau)<\/strong><\/p><p data-start=\"554\" data-end=\"599\">7 \u2013 9 ans : 13h30 \u2013 16h00<\/p><p data-start=\"554\" data-end=\"599\">10 \u2013 12 ans : 16h00 \u2013 18h30(<\/p>\t\t\t\t\t\t\t\t<\/div>\n\t\t\t\t<\/div>\n\t\t\t\t\t<\/div>\n\t\t<\/div>\n\t\t\t\t\t<\/div>\n\t\t<\/section>\n\t\t\t\t<section class=\"elementor-section elementor-top-section elementor-element elementor-element-6d47d30 elementor-section-boxed elementor-section-height-default elementor-section-height-default\" data-id=\"6d47d30\" data-element_type=\"section\">\n\t\t\t\t\t\t<div class=\"elementor-container elementor-column-gap-default\">\n\t\t\t\t\t<div class=\"elementor-column elementor-col-100 elementor-top-column elementor-element elementor-element-9b36344\" data-id=\"9b36344\" data-element_type=\"column\">\n\t\t\t<div class=\"elementor-widget-wrap elementor-element-populated\">\n\t\t\t\t\t\t<div class=\"elementor-element elementor-element-9631699 elementor-widget elementor-widget-text-editor\" data-id=\"9631699\" data-element_type=\"widget\" data-widget_type=\"text-editor.default\">\n\t\t\t\t<div class=\"elementor-widget-container\">\n\t\t\t\t\t\t\t\t\t<h2 data-start=\"148\" data-end=\"174\">Tarifs 2025 \u2013 2026<\/h2><hr data-start=\"304\" data-end=\"307\" \/><h3 data-start=\"309\" data-end=\"343\">Stages Enfants vacances (5 jours)<\/h3><ul data-start=\"344\" data-end=\"422\"><li data-start=\"344\" data-end=\"385\"><p data-start=\"346\" data-end=\"385\"><strong data-start=\"346\" data-end=\"365\">80 \u20ac la semaine<\/strong> (12h30 d\u2019atelier)<\/p><\/li><li data-start=\"386\" data-end=\"422\"><p data-start=\"388\" data-end=\"422\">Restitution spectacle incluse\u00a0<\/p><\/li><\/ul><hr data-start=\"424\" data-end=\"427\" \/><h3 data-start=\"429\" data-end=\"463\">R\u00e9ductions familles<\/h3><ul data-start=\"464\" data-end=\"503\"><li data-start=\"464\" data-end=\"503\"><p data-start=\"466\" data-end=\"503\">-10 % \u00e0 partir du 2\u1d49 enfant inscrit<\/p><h3 data-start=\"306\" data-end=\"347\">Restitution ouverte aux familles<\/h3><p data-start=\"348\" data-end=\"657\">En fin de stage, les enfants pr\u00e9senteront leur travail lors d\u2019un petit spectacle convivial.<br data-start=\"439\" data-end=\"442\" \/>Pour soutenir l\u2019association et contribuer aux frais d\u2019organisation, une <strong data-start=\"517\" data-end=\"572\">participation symbolique \u00e0 partir de 3 \u20ac par adulte<\/strong> sera demand\u00e9e.<br data-start=\"587\" data-end=\"590\" \/>Les enfants et fratries sont bien s\u00fbr les bienvenus gratuitement.<\/p><p data-start=\"659\" data-end=\"711\">Un beau moment de partage, \u00e0 vivre tous ensemble.<\/p><\/li><\/ul>\t\t\t\t\t\t\t\t<\/div>\n\t\t\t\t<\/div>\n\t\t\t\t\t<\/div>\n\t\t<\/div>\n\t\t\t\t\t<\/div>\n\t\t<\/section>\n\t\t\t\t<\/div>\n\t\t","protected":false},"excerpt":{"rendered":"<p>Stages Enfants \u2013 Expression corporelle &amp; \u00e9veil corporel\u00a0 \u00ab\u00a0Le d\u00e9veloppement du mouvement est un facteur critique pour \u00e9tablir la conscience de soi de l&rsquo;enfant par rapport aux autres et \u00e0 l&rsquo;environnement, et pour mettre en relation ses besoins \u00e9motionnels internes et les demandes externes.\u00a0\u00bb Bartenieff, I., Effort-shape analysis of mouvement, p.29. Traduction de cet extrait [&hellip;]<\/p>\n","protected":false},"author":1,"featured_media":0,"parent":0,"menu_order":0,"comment_status":"closed","ping_status":"closed","template":"","meta":{"footnotes":""},"class_list":["post-877","page","type-page","status-publish","hentry"],"_links":{"self":[{"href":"https:\/\/untendanses.com\/index.php\/wp-json\/wp\/v2\/pages\/877","targetHints":{"allow":["GET"]}}],"collection":[{"href":"https:\/\/untendanses.com\/index.php\/wp-json\/wp\/v2\/pages"}],"about":[{"href":"https:\/\/untendanses.com\/index.php\/wp-json\/wp\/v2\/types\/page"}],"author":[{"embeddable":true,"href":"https:\/\/untendanses.com\/index.php\/wp-json\/wp\/v2\/users\/1"}],"replies":[{"embeddable":true,"href":"https:\/\/untendanses.com\/index.php\/wp-json\/wp\/v2\/comments?post=877"}],"version-history":[{"count":473,"href":"https:\/\/untendanses.com\/index.php\/wp-json\/wp\/v2\/pages\/877\/revisions"}],"predecessor-version":[{"id":5986,"href":"https:\/\/untendanses.com\/index.php\/wp-json\/wp\/v2\/pages\/877\/revisions\/5986"}],"wp:attachment":[{"href":"https:\/\/untendanses.com\/index.php\/wp-json\/wp\/v2\/media?parent=877"}],"curies":[{"name":"wp","href":"https:\/\/api.w.org\/{rel}","templated":true}]}}