{"id":759,"date":"2019-05-13T23:01:02","date_gmt":"2019-05-13T21:01:02","guid":{"rendered":"http:\/\/untendanses.com\/?page_id=759"},"modified":"2024-11-08T15:18:45","modified_gmt":"2024-11-08T14:18:45","slug":"lassociation-2","status":"publish","type":"page","link":"https:\/\/untendanses.com\/index.php\/lassociation-2\/","title":{"rendered":"A propos &#8230;"},"content":{"rendered":"\t\t<div data-elementor-type=\"wp-page\" data-elementor-id=\"759\" class=\"elementor elementor-759\">\n\t\t\t\t\t\t<section class=\"elementor-section elementor-top-section elementor-element elementor-element-251a17ca elementor-section-boxed elementor-section-height-default elementor-section-height-default\" data-id=\"251a17ca\" data-element_type=\"section\" data-settings=\"{&quot;background_background&quot;:&quot;classic&quot;,&quot;shape_divider_bottom&quot;:&quot;mountains&quot;}\">\n\t\t\t\t\t<div class=\"elementor-shape elementor-shape-bottom\" aria-hidden=\"true\" data-negative=\"false\">\n\t\t\t<svg xmlns=\"http:\/\/www.w3.org\/2000\/svg\" viewBox=\"0 0 1000 100\" preserveAspectRatio=\"none\">\n\t<path class=\"elementor-shape-fill\" opacity=\"0.33\" d=\"M473,67.3c-203.9,88.3-263.1-34-320.3,0C66,119.1,0,59.7,0,59.7V0h1000v59.7 c0,0-62.1,26.1-94.9,29.3c-32.8,3.3-62.8-12.3-75.8-22.1C806,49.6,745.3,8.7,694.9,4.7S492.4,59,473,67.3z\"\/>\n\t<path class=\"elementor-shape-fill\" opacity=\"0.66\" d=\"M734,67.3c-45.5,0-77.2-23.2-129.1-39.1c-28.6-8.7-150.3-10.1-254,39.1 s-91.7-34.4-149.2,0C115.7,118.3,0,39.8,0,39.8V0h1000v36.5c0,0-28.2-18.5-92.1-18.5C810.2,18.1,775.7,67.3,734,67.3z\"\/>\n\t<path class=\"elementor-shape-fill\" d=\"M766.1,28.9c-200-57.5-266,65.5-395.1,19.5C242,1.8,242,5.4,184.8,20.6C128,35.8,132.3,44.9,89.9,52.5C28.6,63.7,0,0,0,0 h1000c0,0-9.9,40.9-83.6,48.1S829.6,47,766.1,28.9z\"\/>\n<\/svg>\t\t<\/div>\n\t\t\t\t\t<div class=\"elementor-container elementor-column-gap-default\">\n\t\t\t\t\t<div class=\"elementor-column elementor-col-100 elementor-top-column elementor-element elementor-element-70f68970\" data-id=\"70f68970\" data-element_type=\"column\">\n\t\t\t<div class=\"elementor-widget-wrap elementor-element-populated\">\n\t\t\t\t\t\t<div class=\"elementor-element elementor-element-47c79e72 elementor-widget elementor-widget-text-editor\" data-id=\"47c79e72\" data-element_type=\"widget\" data-widget_type=\"text-editor.default\">\n\t\t\t\t<div class=\"elementor-widget-container\">\n\t\t\t\t\t\t\t\t\t<p>La Cie Untendanses est une association loi 1901, cr\u00e9\u00e9e en 2014. Elle &nbsp;a pour objectif principal de promouvoir les arts et les liens inter et socio-culturels.<\/p>\n<p>Son but est de favoriser l&rsquo;\u00e9panouissement artistique en offrant un espace d&rsquo;expression et de d\u00e9couverte pour tous, mettant en valeur la diversit\u00e9 et l&rsquo;inclusion sociale.<\/p>\n<p>Untendanses encourage &nbsp;et soutient les artistes \u00e9mergents et amateurs. En mettant l&rsquo;accent sur les valeurs humaines et le partage des savoirs, elle contribue \u00e0 enrichir le vivre-ensemble.<\/p>\n<p>Elle organise des ateliers de danse \u00e0 orientation th\u00e9rapeutique favorisant le mieux-\u00eatre du sujet. Elle s&rsquo;adresse \u00e0 tous, afin de permettre \u00e0 chacun de d\u00e9couvrir et d&rsquo;explorer cette discipline artistique.<\/p>\n<p>La compagnie s&rsquo;engage \u00e0 rendre la danse accessible aux personnes en situation de handicap, en adaptant les cours et en travaillant avec des professionnels sp\u00e9cialis\u00e9s. Elle collabore \u00e9galement avec des \u00e9tablissements scolaires et des centres sociaux pour offrir des programmes \u00e9ducatifs et r\u00e9cr\u00e9atifs ax\u00e9s sur la danse.<\/p>\n<p>Untendanses vise \u00e0 cr\u00e9er un environnement inclusif o\u00f9 chacun se sent accept\u00e9 et valoris\u00e9, quel que soit son origine sociale, culturelle ou \u00e9conomique.<\/p>\t\t\t\t\t\t\t\t<\/div>\n\t\t\t\t<\/div>\n\t\t\t\t\t<\/div>\n\t\t<\/div>\n\t\t\t\t\t<\/div>\n\t\t<\/section>\n\t\t\t\t<\/div>\n\t\t","protected":false},"excerpt":{"rendered":"<p>La Cie Untendanses est une association loi 1901, cr\u00e9\u00e9e en 2014. Elle &nbsp;a pour objectif principal de promouvoir les arts et les liens inter et socio-culturels. Son but est de favoriser l&rsquo;\u00e9panouissement artistique en offrant un espace d&rsquo;expression et de d\u00e9couverte pour tous, mettant en valeur la diversit\u00e9 et l&rsquo;inclusion sociale. Untendanses encourage &nbsp;et soutient [&hellip;]<\/p>\n","protected":false},"author":1,"featured_media":0,"parent":0,"menu_order":0,"comment_status":"closed","ping_status":"closed","template":"","meta":{"footnotes":""},"class_list":["post-759","page","type-page","status-publish","hentry"],"_links":{"self":[{"href":"https:\/\/untendanses.com\/index.php\/wp-json\/wp\/v2\/pages\/759","targetHints":{"allow":["GET"]}}],"collection":[{"href":"https:\/\/untendanses.com\/index.php\/wp-json\/wp\/v2\/pages"}],"about":[{"href":"https:\/\/untendanses.com\/index.php\/wp-json\/wp\/v2\/types\/page"}],"author":[{"embeddable":true,"href":"https:\/\/untendanses.com\/index.php\/wp-json\/wp\/v2\/users\/1"}],"replies":[{"embeddable":true,"href":"https:\/\/untendanses.com\/index.php\/wp-json\/wp\/v2\/comments?post=759"}],"version-history":[{"count":116,"href":"https:\/\/untendanses.com\/index.php\/wp-json\/wp\/v2\/pages\/759\/revisions"}],"predecessor-version":[{"id":5623,"href":"https:\/\/untendanses.com\/index.php\/wp-json\/wp\/v2\/pages\/759\/revisions\/5623"}],"wp:attachment":[{"href":"https:\/\/untendanses.com\/index.php\/wp-json\/wp\/v2\/media?parent=759"}],"curies":[{"name":"wp","href":"https:\/\/api.w.org\/{rel}","templated":true}]}}