{"id":4811,"date":"2024-06-02T11:43:30","date_gmt":"2024-06-02T09:43:30","guid":{"rendered":"http:\/\/untendanses.com\/?page_id=4811"},"modified":"2024-09-03T01:01:32","modified_gmt":"2024-09-02T23:01:32","slug":"lequipe","status":"publish","type":"page","link":"https:\/\/untendanses.com\/index.php\/lequipe\/","title":{"rendered":"L&rsquo;\u00e9quipe"},"content":{"rendered":"\t\t<div data-elementor-type=\"wp-page\" data-elementor-id=\"4811\" class=\"elementor elementor-4811\">\n\t\t\t\t\t\t<section class=\"elementor-section elementor-top-section elementor-element elementor-element-99e06c2 elementor-section-stretched animated-slow elementor-section-boxed elementor-section-height-default elementor-section-height-default elementor-invisible\" data-id=\"99e06c2\" data-element_type=\"section\" data-settings=\"{&quot;stretch_section&quot;:&quot;section-stretched&quot;,&quot;background_background&quot;:&quot;classic&quot;,&quot;animation&quot;:&quot;fadeInDown&quot;,&quot;animation_delay&quot;:400}\">\n\t\t\t\t\t\t<div class=\"elementor-container elementor-column-gap-default\">\n\t\t\t\t\t<div class=\"elementor-column elementor-col-100 elementor-top-column elementor-element elementor-element-b7c25b9\" data-id=\"b7c25b9\" data-element_type=\"column\">\n\t\t\t<div class=\"elementor-widget-wrap elementor-element-populated\">\n\t\t\t\t\t\t<section class=\"elementor-section elementor-inner-section elementor-element elementor-element-fd47af7 animated-slow elementor-section-boxed elementor-section-height-default elementor-section-height-default elementor-invisible\" data-id=\"fd47af7\" data-element_type=\"section\" data-settings=\"{&quot;animation&quot;:&quot;slideInDown&quot;}\">\n\t\t\t\t\t\t<div class=\"elementor-container elementor-column-gap-default\">\n\t\t\t\t\t<div class=\"elementor-column elementor-col-50 elementor-inner-column elementor-element elementor-element-79b8e73\" data-id=\"79b8e73\" data-element_type=\"column\">\n\t\t\t<div class=\"elementor-widget-wrap elementor-element-populated\">\n\t\t\t\t\t\t<div class=\"elementor-element elementor-element-6e854e0 elementor-widget elementor-widget-heading\" data-id=\"6e854e0\" data-element_type=\"widget\" data-widget_type=\"heading.default\">\n\t\t\t\t<div class=\"elementor-widget-container\">\n\t\t\t\t\t<h4 class=\"elementor-heading-title elementor-size-default\">Julie Thuillier<\/h4>\t\t\t\t<\/div>\n\t\t\t\t<\/div>\n\t\t\t\t<div class=\"elementor-element elementor-element-d5bbad8 elementor-widget elementor-widget-text-editor\" data-id=\"d5bbad8\" data-element_type=\"widget\" data-widget_type=\"text-editor.default\">\n\t\t\t\t<div class=\"elementor-widget-container\">\n\t\t\t\t\t\t\t\t\t<span style=\"font-size: 12px; font-color: white;\">Julie se passionne pour le th\u00e9\u00e2tre et la musique d\u00e8s son plus jeune \u00e2ge et commence \u00e0 se former au jeu de l\u2019acteur en 2007 \u00e0 Paris, aux Ateliers du Sudden.<\/span>\n\n<span style=\"font-size: 12px;\">Elle poursuit un parcours universitaire \u00e0 Paris VIII (Licence Th\u00e9\u00e2tre) o\u00f9 elle approfondit sa pratique aupr\u00e8s de Claude Buchvald (com\u00e9dienne-metteuse en sc\u00e8ne), Michelle Kokosovski (dramaturge) et J-Fran\u00e7ois Dusigne (ancien acteur du Th\u00e9\u00e2tre du Soleil, ARTA). Elle y d\u00e9couvre \u00e9galement d\u2019autres formes esth\u00e9tiques et pratiques sc\u00e9niques comme la performance, le Bharata natyam (avec Katia L\u00e9geret), l\u2019\u00e9criture et la mise en sc\u00e8ne. Elle poursuit parall\u00e8lement le chant au sein de diff\u00e9rents groupes en musique actuelle.<\/span>\n\n<span style=\"font-size: 12px;\">C\u2019est dans cette diversit\u00e9 de pratiques artistiques qu\u2019elle se dirige naturellement vers un travail de cr\u00e9ation ax\u00e9 sur le lien social. Ainsi elle obtient un Master professionnel \u00ab Pratiques artistiques et action sociale \u00bb (actuel master Artiste Intervenant) \u00e0 l\u2019universit\u00e9 Bordeaux Montaigne (2014) qui l\u2019am\u00e8ne au Togo o\u00f9 elle m\u00e8nera un projet pluridisciplinaire autour des r\u00eaves des femmes (Meku Drun J\u2019ai r\u00eav\u00e9). Depuis elle continue de mener des ateliers de pratiques au sein de diff\u00e9rentes structures m\u00e9dico- sociales (Lieux de vie, Foyer occupationnel), \u00e9ducatives (Lyc\u00e9e professionnel aupr\u00e8s de Mineurs non-accompagn\u00e9s) ou encore hospitali\u00e8res (Clinique psychiatrique et H\u00f4pital de jour). Elle d\u00e9fend un art engag\u00e9 dans le corps social, une approche de la sc\u00e8ne pluridisciplinaire, interculturelle et transversale.<\/span>\t\t\t\t\t\t\t\t<\/div>\n\t\t\t\t<\/div>\n\t\t\t\t\t<\/div>\n\t\t<\/div>\n\t\t\t\t<div class=\"elementor-column elementor-col-50 elementor-inner-column elementor-element elementor-element-dc21320\" data-id=\"dc21320\" data-element_type=\"column\">\n\t\t\t<div class=\"elementor-widget-wrap elementor-element-populated\">\n\t\t\t\t\t\t<div class=\"elementor-element elementor-element-27511d2 elementor-widget elementor-widget-image\" data-id=\"27511d2\" data-element_type=\"widget\" data-widget_type=\"image.default\">\n\t\t\t\t<div class=\"elementor-widget-container\">\n\t\t\t\t\t\t\t\t\t\t\t\t\t\t\t<img fetchpriority=\"high\" decoding=\"async\" width=\"499\" height=\"350\" src=\"https:\/\/untendanses.com\/wp-content\/uploads\/2024\/06\/IMG_3013-e1717326001547.jpg\" class=\"attachment-full size-full wp-image-4956\" alt=\"\" srcset=\"https:\/\/untendanses.com\/wp-content\/uploads\/2024\/06\/IMG_3013-e1717326001547.jpg 499w, https:\/\/untendanses.com\/wp-content\/uploads\/2024\/06\/IMG_3013-e1717326001547-300x210.jpg 300w\" sizes=\"(max-width: 499px) 100vw, 499px\" \/>\t\t\t\t\t\t\t\t\t\t\t\t\t\t\t<\/div>\n\t\t\t\t<\/div>\n\t\t\t\t\t<\/div>\n\t\t<\/div>\n\t\t\t\t\t<\/div>\n\t\t<\/section>\n\t\t\t\t<section class=\"elementor-section elementor-inner-section elementor-element elementor-element-b8d07a9 animated-slow elementor-section-boxed elementor-section-height-default elementor-section-height-default elementor-invisible\" data-id=\"b8d07a9\" data-element_type=\"section\" data-settings=\"{&quot;animation&quot;:&quot;fadeInUp&quot;}\">\n\t\t\t\t\t\t<div class=\"elementor-container elementor-column-gap-default\">\n\t\t\t\t\t<div class=\"elementor-column elementor-col-50 elementor-inner-column elementor-element elementor-element-4278114\" data-id=\"4278114\" data-element_type=\"column\">\n\t\t\t<div class=\"elementor-widget-wrap elementor-element-populated\">\n\t\t\t\t\t\t<div class=\"elementor-element elementor-element-a9a2005 elementor-widget elementor-widget-image\" data-id=\"a9a2005\" data-element_type=\"widget\" data-widget_type=\"image.default\">\n\t\t\t\t<div class=\"elementor-widget-container\">\n\t\t\t\t\t\t\t\t\t\t\t\t\t\t\t<img decoding=\"async\" width=\"1222\" height=\"1088\" src=\"https:\/\/untendanses.com\/wp-content\/uploads\/2024\/06\/FA63F1A6-914D-4027-B009-22E992A140FB_1_201_a-scaled-e1717324872593.jpeg\" class=\"attachment-full size-full wp-image-4909\" alt=\"\" srcset=\"https:\/\/untendanses.com\/wp-content\/uploads\/2024\/06\/FA63F1A6-914D-4027-B009-22E992A140FB_1_201_a-scaled-e1717324872593.jpeg 1222w, https:\/\/untendanses.com\/wp-content\/uploads\/2024\/06\/FA63F1A6-914D-4027-B009-22E992A140FB_1_201_a-scaled-e1717324872593-300x267.jpeg 300w, https:\/\/untendanses.com\/wp-content\/uploads\/2024\/06\/FA63F1A6-914D-4027-B009-22E992A140FB_1_201_a-scaled-e1717324872593-1024x912.jpeg 1024w, https:\/\/untendanses.com\/wp-content\/uploads\/2024\/06\/FA63F1A6-914D-4027-B009-22E992A140FB_1_201_a-scaled-e1717324872593-768x684.jpeg 768w\" sizes=\"(max-width: 1222px) 100vw, 1222px\" \/>\t\t\t\t\t\t\t\t\t\t\t\t\t\t\t<\/div>\n\t\t\t\t<\/div>\n\t\t\t\t\t<\/div>\n\t\t<\/div>\n\t\t\t\t<div class=\"elementor-column elementor-col-50 elementor-inner-column elementor-element elementor-element-c791172\" data-id=\"c791172\" data-element_type=\"column\">\n\t\t\t<div class=\"elementor-widget-wrap elementor-element-populated\">\n\t\t\t\t\t\t<div class=\"elementor-element elementor-element-961f2d9 elementor-widget elementor-widget-heading\" data-id=\"961f2d9\" data-element_type=\"widget\" data-widget_type=\"heading.default\">\n\t\t\t\t<div class=\"elementor-widget-container\">\n\t\t\t\t\t<h4 class=\"elementor-heading-title elementor-size-default\">Elise Mazzocco<\/h4>\t\t\t\t<\/div>\n\t\t\t\t<\/div>\n\t\t\t\t<div class=\"elementor-element elementor-element-c061eb8 elementor-widget elementor-widget-text-editor\" data-id=\"c061eb8\" data-element_type=\"widget\" data-widget_type=\"text-editor.default\">\n\t\t\t\t<div class=\"elementor-widget-container\">\n\t\t\t\t\t\t\t\t\t<span style=\"font-size: 12px; font-color: white;\">\n\u00ab\u00a0Spirale\u00a0\u00bb est son premier projet artistique en tant qu\u2019interpr\u00e8te. Sa d\u00e9couverte de la danse remonte \u00e0 2021, lorsqu&rsquo;elle commence \u00e0 pratiquer \u00a0avec Sandra. Tavares. Depuis lors, elle s&rsquo;est engag\u00e9e avec passion dans cette discipline, explorant son potentiel artistique et d\u00e9veloppant ses comp\u00e9tences d&rsquo;interpr\u00e9tation. \u00ab\u00a0Spirale\u00a0\u00bb marque ainsi le d\u00e9but d&rsquo;un nouveau chapitre, o\u00f9 elle peut s\u2019exprimer \u00e0 travers l\u2019art.<\/span>\t\t\t\t\t\t\t\t<\/div>\n\t\t\t\t<\/div>\n\t\t\t\t\t<\/div>\n\t\t<\/div>\n\t\t\t\t\t<\/div>\n\t\t<\/section>\n\t\t\t\t<section class=\"elementor-section elementor-inner-section elementor-element elementor-element-15836fe animated-slow elementor-section-boxed elementor-section-height-default elementor-section-height-default elementor-invisible\" data-id=\"15836fe\" data-element_type=\"section\" data-settings=\"{&quot;animation&quot;:&quot;fadeInDown&quot;}\">\n\t\t\t\t\t\t<div class=\"elementor-container elementor-column-gap-default\">\n\t\t\t\t\t<div class=\"elementor-column elementor-col-50 elementor-inner-column elementor-element elementor-element-a1fb6ff\" data-id=\"a1fb6ff\" data-element_type=\"column\">\n\t\t\t<div class=\"elementor-widget-wrap elementor-element-populated\">\n\t\t\t\t\t\t<div class=\"elementor-element elementor-element-37faf60 elementor-widget elementor-widget-heading\" data-id=\"37faf60\" data-element_type=\"widget\" data-widget_type=\"heading.default\">\n\t\t\t\t<div class=\"elementor-widget-container\">\n\t\t\t\t\t<h4 class=\"elementor-heading-title elementor-size-default\">Roxanne Nelzy<\/h4>\t\t\t\t<\/div>\n\t\t\t\t<\/div>\n\t\t\t\t<div class=\"elementor-element elementor-element-b3c9d03 elementor-widget elementor-widget-text-editor\" data-id=\"b3c9d03\" data-element_type=\"widget\" data-widget_type=\"text-editor.default\">\n\t\t\t\t<div class=\"elementor-widget-container\">\n\t\t\t\t\t\t\t\t\t<span style=\"font-size: 12px; font-color: white;\"> Elle explore la richesse du langage corporel, alliant le geste \u00e0 la po\u00e9sie du graphisme, et \u00e0 la force de la pr\u00e9sence sur sc\u00e8ne.\n\nSes racines martiniquaises impr\u00e8gnent son travail artistique, lui offrant une palette de couleurs, de rythmes et de sensations. La Martinique, terre \u00e0 la fois \u00e9blouissante par sa beaut\u00e9 naturelle et fractur\u00e9e par son histoire complexe, est une source in\u00e9puisable d&rsquo;inspiration pour Roxane. Son langage artistique est vibrant, empreint de cette dualit\u00e9 entre lumi\u00e8re et ombre, entre joie et douleur.\n\nForm\u00e9e \u00e0 la danse contemporaine. Elle a suivi la Formation professionnelle du danseur Lullaby Danza Project \u00e0 bordeaux. Roxane, est \u00e9galement une exploratrice des danses ethniques et traditionnelles. Elle enrichit sa pratique et sa compr\u00e9hension de cet art, aupr\u00e8s de chor\u00e9graphes tels que Cindy Villemin, Carole Dauvillier, Betty Tchomanga, et bien d&rsquo;autres.<\/span>\t\t\t\t\t\t\t\t<\/div>\n\t\t\t\t<\/div>\n\t\t\t\t\t<\/div>\n\t\t<\/div>\n\t\t\t\t<div class=\"elementor-column elementor-col-50 elementor-inner-column elementor-element elementor-element-b7fe545\" data-id=\"b7fe545\" data-element_type=\"column\">\n\t\t\t<div class=\"elementor-widget-wrap elementor-element-populated\">\n\t\t\t\t\t\t<div class=\"elementor-element elementor-element-2dc1af8 elementor-widget elementor-widget-image\" data-id=\"2dc1af8\" data-element_type=\"widget\" data-widget_type=\"image.default\">\n\t\t\t\t<div class=\"elementor-widget-container\">\n\t\t\t\t\t\t\t\t\t\t\t\t\t\t\t<img decoding=\"async\" width=\"473\" height=\"290\" src=\"https:\/\/untendanses.com\/wp-content\/uploads\/2024\/06\/Capture-decran-2024-05-03-a-20.29.19-e1717325857201.png\" class=\"attachment-full size-full wp-image-4920\" alt=\"\" srcset=\"https:\/\/untendanses.com\/wp-content\/uploads\/2024\/06\/Capture-decran-2024-05-03-a-20.29.19-e1717325857201.png 473w, https:\/\/untendanses.com\/wp-content\/uploads\/2024\/06\/Capture-decran-2024-05-03-a-20.29.19-e1717325857201-300x184.png 300w\" sizes=\"(max-width: 473px) 100vw, 473px\" \/>\t\t\t\t\t\t\t\t\t\t\t\t\t\t\t<\/div>\n\t\t\t\t<\/div>\n\t\t\t\t\t<\/div>\n\t\t<\/div>\n\t\t\t\t\t<\/div>\n\t\t<\/section>\n\t\t\t\t<section class=\"elementor-section elementor-inner-section elementor-element elementor-element-5c96588 elementor-section-boxed elementor-section-height-default elementor-section-height-default elementor-invisible\" data-id=\"5c96588\" data-element_type=\"section\" data-settings=\"{&quot;animation&quot;:&quot;fadeInUp&quot;}\">\n\t\t\t\t\t\t<div class=\"elementor-container elementor-column-gap-default\">\n\t\t\t\t\t<div class=\"elementor-column elementor-col-50 elementor-inner-column elementor-element elementor-element-b3cd7e4\" data-id=\"b3cd7e4\" data-element_type=\"column\">\n\t\t\t<div class=\"elementor-widget-wrap elementor-element-populated\">\n\t\t\t\t\t\t<div class=\"elementor-element elementor-element-c96436f elementor-widget elementor-widget-image\" data-id=\"c96436f\" data-element_type=\"widget\" data-widget_type=\"image.default\">\n\t\t\t\t<div class=\"elementor-widget-container\">\n\t\t\t\t\t\t\t\t\t\t\t\t\t\t\t<img loading=\"lazy\" decoding=\"async\" width=\"542\" height=\"467\" src=\"https:\/\/untendanses.com\/wp-content\/uploads\/2024\/06\/photo-artistique-cv-nasti-e1717326049567.jpg\" class=\"attachment-full size-full wp-image-4917\" alt=\"\" srcset=\"https:\/\/untendanses.com\/wp-content\/uploads\/2024\/06\/photo-artistique-cv-nasti-e1717326049567.jpg 542w, https:\/\/untendanses.com\/wp-content\/uploads\/2024\/06\/photo-artistique-cv-nasti-e1717326049567-300x258.jpg 300w\" sizes=\"(max-width: 542px) 100vw, 542px\" \/>\t\t\t\t\t\t\t\t\t\t\t\t\t\t\t<\/div>\n\t\t\t\t<\/div>\n\t\t\t\t\t<\/div>\n\t\t<\/div>\n\t\t\t\t<div class=\"elementor-column elementor-col-50 elementor-inner-column elementor-element elementor-element-c5ac7c1\" data-id=\"c5ac7c1\" data-element_type=\"column\">\n\t\t\t<div class=\"elementor-widget-wrap elementor-element-populated\">\n\t\t\t\t\t\t<div class=\"elementor-element elementor-element-64a431a elementor-widget elementor-widget-heading\" data-id=\"64a431a\" data-element_type=\"widget\" data-widget_type=\"heading.default\">\n\t\t\t\t<div class=\"elementor-widget-container\">\n\t\t\t\t\t<h4 class=\"elementor-heading-title elementor-size-default\">Carole Achard<\/h4>\t\t\t\t<\/div>\n\t\t\t\t<\/div>\n\t\t\t\t<div class=\"elementor-element elementor-element-44d08ef elementor-widget elementor-widget-text-editor\" data-id=\"44d08ef\" data-element_type=\"widget\" data-widget_type=\"text-editor.default\">\n\t\t\t\t<div class=\"elementor-widget-container\">\n\t\t\t\t\t\t\t\t\t<span style=\"font-size: 12px; font-color: white;\"> Est une artiste multidisciplinaire qui a \u00e9volu\u00e9 dans les domaines de la danse a\u00e9rienne et des arts du cirque (d\u00e9ambulation sur \u00e9chasses-bulle-manipulation de feu). Elle se forme \u00e0 la danse voltige avec la Cie Compagnie Volt Performance, avec qui elle m\u00e8ne des projets en tant que danseuse et performeuse depuis 2017.\n\nEn 2020, elle a approfondi son engagement artistique en suivant la formation du danseur \u00e0 Lullaby, et performe pour la compagnie, entre autres, depuis. Son parcours artistique est jalonn\u00e9 d&rsquo;une exploration de divers modes d&rsquo;expression, de la sc\u00e8ne \u00e0 la conception de costumes et d&rsquo;accessoires.\n\nDot\u00e9e d&rsquo;un BTS en mode et design, Carole d\u00e9ploie \u00e9galement son sens esth\u00e9tique et sa cr\u00e9ativit\u00e9 dans la conception de costumes, v\u00eatements et accessoires, ajoutant ainsi une dimension visuelle et esth\u00e9tique \u00e0 ses performances sc\u00e9niques. Son engagement envers l&rsquo;art du mouvement et de la sc\u00e8ne en font une artiste polyvalente dans le monde de la performance et du spectacle vivant.<\/span>\t\t\t\t\t\t\t\t<\/div>\n\t\t\t\t<\/div>\n\t\t\t\t\t<\/div>\n\t\t<\/div>\n\t\t\t\t\t<\/div>\n\t\t<\/section>\n\t\t\t\t<section class=\"elementor-section elementor-inner-section elementor-element elementor-element-b70cdf8 animated-slow elementor-section-boxed elementor-section-height-default elementor-section-height-default elementor-invisible\" data-id=\"b70cdf8\" data-element_type=\"section\" data-settings=\"{&quot;animation&quot;:&quot;fadeInDown&quot;}\">\n\t\t\t\t\t\t<div class=\"elementor-container elementor-column-gap-default\">\n\t\t\t\t\t<div class=\"elementor-column elementor-col-50 elementor-inner-column elementor-element elementor-element-a15ece6\" data-id=\"a15ece6\" data-element_type=\"column\">\n\t\t\t<div class=\"elementor-widget-wrap elementor-element-populated\">\n\t\t\t\t\t\t<div class=\"elementor-element elementor-element-77c2016 elementor-widget elementor-widget-heading\" data-id=\"77c2016\" data-element_type=\"widget\" data-widget_type=\"heading.default\">\n\t\t\t\t<div class=\"elementor-widget-container\">\n\t\t\t\t\t<h4 class=\"elementor-heading-title elementor-size-default\">G\u00e9raldine Laurens<\/h4>\t\t\t\t<\/div>\n\t\t\t\t<\/div>\n\t\t\t\t<div class=\"elementor-element elementor-element-9b9b8fc elementor-widget elementor-widget-text-editor\" data-id=\"9b9b8fc\" data-element_type=\"widget\" data-widget_type=\"text-editor.default\">\n\t\t\t\t<div class=\"elementor-widget-container\">\n\t\t\t\t\t\t\t\t\t<span style=\"font-size: 12px; font-color: white;\">\nEntame sa formation acad\u00e9mique au conservatoire de Toulouse, et la poursuit au CNSM de Lyon. Elle pressent cependant tr\u00e8s vite que cette pratique jubilatoire et \u00ab\u202fpassionnelle\u202f\u00bb ne peut s\u2019envisager qu\u2019en consid\u00e9rant le corps comme lieu de pens\u00e9e, inscrit dans une histoire identitaire et collective, et travers\u00e9 par des exp\u00e9riences de vie. Elle va \u00e9prouver cet engagement \u00e0 travers diverses rencontres en danse contemporaine\u202f: Soraya Djebbar ( Cie Artesonado, Paris), Jean Gaudin, Daniel Larrieu, Christian Canciani\u2026 Elle entame sa carri\u00e8re d\u2019interpr\u00e8te en danse contemporaine dans diverses compagnies \u00e0 Montpellier et Toulouse ( Cie Io, En bonne compagnie, Cie Volavita&#8230;)\n\nPersuad\u00e9e que la relation corps et identit\u00e9 sont l\u2019un des questionnements de notre \u00e9poque, elle travaille avec des chor\u00e9graphes tels que James Carl\u00e8s, Alain Gonotey (Cie Lullaby, Bdx) et Sabine Samba ( Cie Gestuelle, Bdx).<\/span>\t\t\t\t\t\t\t\t<\/div>\n\t\t\t\t<\/div>\n\t\t\t\t\t<\/div>\n\t\t<\/div>\n\t\t\t\t<div class=\"elementor-column elementor-col-50 elementor-inner-column elementor-element elementor-element-67e1dec\" data-id=\"67e1dec\" data-element_type=\"column\">\n\t\t\t<div class=\"elementor-widget-wrap elementor-element-populated\">\n\t\t\t\t\t\t<div class=\"elementor-element elementor-element-9d8b8d9 elementor-widget elementor-widget-image\" data-id=\"9d8b8d9\" data-element_type=\"widget\" data-widget_type=\"image.default\">\n\t\t\t\t<div class=\"elementor-widget-container\">\n\t\t\t\t\t\t\t\t\t\t\t\t\t\t\t<img loading=\"lazy\" decoding=\"async\" width=\"1700\" height=\"1568\" src=\"https:\/\/untendanses.com\/wp-content\/uploads\/2024\/06\/DSC_4451-scaled-e1717325778743.jpg\" class=\"attachment-full size-full wp-image-4918\" alt=\"\" srcset=\"https:\/\/untendanses.com\/wp-content\/uploads\/2024\/06\/DSC_4451-scaled-e1717325778743.jpg 1700w, https:\/\/untendanses.com\/wp-content\/uploads\/2024\/06\/DSC_4451-scaled-e1717325778743-300x277.jpg 300w, https:\/\/untendanses.com\/wp-content\/uploads\/2024\/06\/DSC_4451-scaled-e1717325778743-1024x944.jpg 1024w, https:\/\/untendanses.com\/wp-content\/uploads\/2024\/06\/DSC_4451-scaled-e1717325778743-768x708.jpg 768w, https:\/\/untendanses.com\/wp-content\/uploads\/2024\/06\/DSC_4451-scaled-e1717325778743-1536x1417.jpg 1536w\" sizes=\"(max-width: 1700px) 100vw, 1700px\" \/>\t\t\t\t\t\t\t\t\t\t\t\t\t\t\t<\/div>\n\t\t\t\t<\/div>\n\t\t\t\t\t<\/div>\n\t\t<\/div>\n\t\t\t\t\t<\/div>\n\t\t<\/section>\n\t\t\t\t\t<\/div>\n\t\t<\/div>\n\t\t\t\t\t<\/div>\n\t\t<\/section>\n\t\t\t\t<\/div>\n\t\t","protected":false},"excerpt":{"rendered":"<p>Julie Thuillier Julie se passionne pour le th\u00e9\u00e2tre et la musique d\u00e8s son plus jeune \u00e2ge et commence \u00e0 se former au jeu de l\u2019acteur en 2007 \u00e0 Paris, aux Ateliers du Sudden. Elle poursuit un parcours universitaire \u00e0 Paris VIII (Licence Th\u00e9\u00e2tre) o\u00f9 elle approfondit sa pratique aupr\u00e8s de Claude Buchvald (com\u00e9dienne-metteuse en sc\u00e8ne), [&hellip;]<\/p>\n","protected":false},"author":1,"featured_media":0,"parent":0,"menu_order":0,"comment_status":"closed","ping_status":"closed","template":"","meta":{"footnotes":""},"class_list":["post-4811","page","type-page","status-publish","hentry"],"_links":{"self":[{"href":"https:\/\/untendanses.com\/index.php\/wp-json\/wp\/v2\/pages\/4811","targetHints":{"allow":["GET"]}}],"collection":[{"href":"https:\/\/untendanses.com\/index.php\/wp-json\/wp\/v2\/pages"}],"about":[{"href":"https:\/\/untendanses.com\/index.php\/wp-json\/wp\/v2\/types\/page"}],"author":[{"embeddable":true,"href":"https:\/\/untendanses.com\/index.php\/wp-json\/wp\/v2\/users\/1"}],"replies":[{"embeddable":true,"href":"https:\/\/untendanses.com\/index.php\/wp-json\/wp\/v2\/comments?post=4811"}],"version-history":[{"count":175,"href":"https:\/\/untendanses.com\/index.php\/wp-json\/wp\/v2\/pages\/4811\/revisions"}],"predecessor-version":[{"id":5223,"href":"https:\/\/untendanses.com\/index.php\/wp-json\/wp\/v2\/pages\/4811\/revisions\/5223"}],"wp:attachment":[{"href":"https:\/\/untendanses.com\/index.php\/wp-json\/wp\/v2\/media?parent=4811"}],"curies":[{"name":"wp","href":"https:\/\/api.w.org\/{rel}","templated":true}]}}