{"id":3892,"date":"2024-01-13T19:46:59","date_gmt":"2024-01-13T18:46:59","guid":{"rendered":"https:\/\/untendanses.com\/?page_id=3892"},"modified":"2025-09-15T17:35:14","modified_gmt":"2025-09-15T15:35:14","slug":"atelier-decriture","status":"publish","type":"page","link":"https:\/\/untendanses.com\/index.php\/atelier-decriture\/","title":{"rendered":"L&rsquo;\u00e9criture pour tous"},"content":{"rendered":"\t\t<div data-elementor-type=\"wp-page\" data-elementor-id=\"3892\" class=\"elementor elementor-3892\">\n\t\t\t\t\t\t<section class=\"elementor-section elementor-top-section elementor-element elementor-element-d9389c5 elementor-section-boxed elementor-section-height-default elementor-section-height-default\" data-id=\"d9389c5\" data-element_type=\"section\">\n\t\t\t\t\t\t<div class=\"elementor-container elementor-column-gap-default\">\n\t\t\t\t\t<div class=\"elementor-column elementor-col-100 elementor-top-column elementor-element elementor-element-fd2b371\" data-id=\"fd2b371\" data-element_type=\"column\">\n\t\t\t<div class=\"elementor-widget-wrap elementor-element-populated\">\n\t\t\t\t\t\t<div class=\"elementor-element elementor-element-a4f3855 elementor-widget elementor-widget-heading\" data-id=\"a4f3855\" data-element_type=\"widget\" data-widget_type=\"heading.default\">\n\t\t\t\t<div class=\"elementor-widget-container\">\n\t\t\t\t\t<h2 class=\"elementor-heading-title elementor-size-default\">Atelier d'\u00e9criture<\/h2>\t\t\t\t<\/div>\n\t\t\t\t<\/div>\n\t\t\t\t<div class=\"elementor-element elementor-element-c0b7025 elementor-widget elementor-widget-text-editor\" data-id=\"c0b7025\" data-element_type=\"widget\" data-widget_type=\"text-editor.default\">\n\t\t\t\t<div class=\"elementor-widget-container\">\n\t\t\t\t\t\t\t\t\t<p><span style=\"font-size: 19px; font-family: arial, helvetica, sans-serif;\"><strong>es mots dansent aussi\u2026<\/strong><\/span><\/p><p>Un atelier<span class=\"Apple-converted-space\">\u00a0 <\/span>qui encourage la cr\u00e9ativit\u00e9 et permet \u00e0 chacun de d\u00e9couvrir ou de red\u00e9couvrir le plaisir d&rsquo;\u00e9crire. \u00c0 travers une s\u00e9rie d&rsquo;exercices ludiques et inspirants, vous serez guid\u00e9s dans une<span class=\"Apple-converted-space\">\u00a0 <\/span>exploration de diff\u00e9rentes formes d&rsquo;expression \u00e9crite.<\/p><p>L&rsquo;approche est d\u00e9lib\u00e9r\u00e9ment l\u00e9g\u00e8re et encourageante : les exercices sont con\u00e7us pour \u00eatre \u00e0 la fois amusants et efficaces, ce qui permet de surmonter les blocages cr\u00e9atifs et d&rsquo;\u00e9veiller l\u2019imagination.<\/p><p>Les r\u00e9sultats sont surprenants, m\u00eame sans exp\u00e9rience pr\u00e9alable en \u00e9criture.<\/p><p><br aria-hidden=\"true\" \/><span style=\"font-family: arial, helvetica, sans-serif;\">Vous serez accompagn\u00e9s sur les chemins de l\u2019\u00e9criture par Sylvie Labb\u00e9. <\/span><br aria-hidden=\"true\" \/><span style=\"font-family: arial, helvetica, sans-serif;\">Elle anime des ateliers depuis pr\u00e9s de 10 ans apr\u00e8s s\u2019\u00eatre form\u00e9e aupr\u00e8s de Michel DUCOM de la GFEN (\u00ab tous capables! \u00bb) et de Catherine BERTHELARD \u00e0 la SOFOR.<\/span><br aria-hidden=\"true\" \/><br aria-hidden=\"true\" \/><span style=\"font-family: arial, helvetica, sans-serif;\">Cet atelier a lieu un mardi par mois, de 18h30 \u00e0 20h. <\/span><br aria-hidden=\"true\" \/><span style=\"font-family: arial, helvetica, sans-serif;\">Les dates seront communiqu\u00e9es sur ce site et sur le compte Instagram @ecrire_ici_ou_la<\/span><br aria-hidden=\"true\" \/><span style=\"font-family: arial, helvetica, sans-serif;\">Les ateliers sont ind\u00e9pendants d\u2019une s\u00e9ance \u00e0 l\u2019autre, et les th\u00e8mes choisis sont diff\u00e9rents: vous \u00eates donc libres de venir au rythme qui vous convient.<\/span><br aria-hidden=\"true\" \/><br aria-hidden=\"true\" \/><span style=\"font-family: arial, helvetica, sans-serif;\">Vos textes \u00e9crits pendant l\u2019atelier peuvent \u00eatre repris et peaufin\u00e9s le lendemain ou les jours suivants. Si vous le souhaitez, ils feront l\u2019objet d\u2019une publication sur ce site avec la confidentialit\u00e9 qui vous conviendra.<\/span><\/p><p><span style=\"font-family: arial, helvetica, sans-serif;\"><strong>Adh\u00e9sion<\/strong> obligatoire \u00e0 l\u2019association Untendanses : 10\u20ac.\u00a0 \u00a0A<\/span>dh\u00e9sion sur \u00a0<a href=\"https:\/\/www.helloasso.com\/associations\/untendanses\/adhesions\/adhesions-2025-26\">Helloasso <\/a>\u00a0ou le jour de l&rsquo;atelier.<\/p><p><span style=\"font-family: arial, helvetica, sans-serif;\"><strong>Tarif<\/strong> 10\u20ac \/ atelier. Le premier atelier est gratuit.<\/span><\/p><p><span style=\"font-family: arial, helvetica, sans-serif;\"><strong>R\u00e9servation<\/strong><\/span><\/p><p><span style=\"font-family: arial, helvetica, sans-serif;\">Sylvie 06 74 51 31 50 \u00a0sylvieatelierecriture@gmail.com<\/span><\/p><h4><span style=\"font-family: arial, helvetica, sans-serif;\">Lieu<\/span><\/h4><p>Salle <span data-olk-copy-source=\"MessageBody\">\u00ab\u00a0Point du Jour &#8211; Pierre TACHOU\u00a0\u00bb<\/span><\/p><p>44. rue Joseph Brunet<\/p><p>33300 Bordeaux<\/p><h3><span style=\"font-family: arial, helvetica, sans-serif;\">Dates \u00e0 venir<\/span><\/h3><p>Mardi 16 septembre 2025<\/p><p>Mardi 14 octobre 2025<br \/>Mardi 18 novembre 2025 <br \/>Mardi 16 d\u00e9cembre 2025<br \/>Mardi 13 janvier 2026<br \/>Mardi 10 f\u00e9vrier 2026<br \/>Mardi 10 mars 2026<br \/>Mardi 14 avril 2026 <br \/>Mardi 12 mai 2026 <br \/>Mardi 09 juin 2026<\/p>\t\t\t\t\t\t\t\t<\/div>\n\t\t\t\t<\/div>\n\t\t\t\t\t<\/div>\n\t\t<\/div>\n\t\t\t\t\t<\/div>\n\t\t<\/section>\n\t\t\t\t<section class=\"elementor-section elementor-top-section elementor-element elementor-element-aea5c71 elementor-section-boxed elementor-section-height-default elementor-section-height-default\" data-id=\"aea5c71\" data-element_type=\"section\">\n\t\t\t\t\t\t<div class=\"elementor-container elementor-column-gap-default\">\n\t\t\t\t\t<div class=\"elementor-column elementor-col-100 elementor-top-column elementor-element elementor-element-6a333b6\" data-id=\"6a333b6\" data-element_type=\"column\">\n\t\t\t<div class=\"elementor-widget-wrap elementor-element-populated\">\n\t\t\t\t\t\t<div class=\"elementor-element elementor-element-aed99a7 elementor-widget elementor-widget-text-editor\" data-id=\"aed99a7\" data-element_type=\"widget\" data-widget_type=\"text-editor.default\">\n\t\t\t\t<div class=\"elementor-widget-container\">\n\t\t\t\t\t\t\t\t\t<p>Lorem ipsum dolor sit amet, consectetur adipiscing elit. Ut elit tellus, luctus nec ullamcorper mattis, pulvinar dapibus leo.<\/p>\t\t\t\t\t\t\t\t<\/div>\n\t\t\t\t<\/div>\n\t\t\t\t\t<\/div>\n\t\t<\/div>\n\t\t\t\t\t<\/div>\n\t\t<\/section>\n\t\t\t\t<\/div>\n\t\t","protected":false},"excerpt":{"rendered":"<p>Atelier d&rsquo;\u00e9criture es mots dansent aussi\u2026 Un atelier\u00a0 qui encourage la cr\u00e9ativit\u00e9 et permet \u00e0 chacun de d\u00e9couvrir ou de red\u00e9couvrir le plaisir d&rsquo;\u00e9crire. \u00c0 travers une s\u00e9rie d&rsquo;exercices ludiques et inspirants, vous serez guid\u00e9s dans une\u00a0 exploration de diff\u00e9rentes formes d&rsquo;expression \u00e9crite. L&rsquo;approche est d\u00e9lib\u00e9r\u00e9ment l\u00e9g\u00e8re et encourageante : les exercices sont con\u00e7us pour [&hellip;]<\/p>\n","protected":false},"author":1,"featured_media":0,"parent":0,"menu_order":0,"comment_status":"closed","ping_status":"closed","template":"elementor_header_footer","meta":{"footnotes":""},"class_list":["post-3892","page","type-page","status-publish","hentry"],"_links":{"self":[{"href":"https:\/\/untendanses.com\/index.php\/wp-json\/wp\/v2\/pages\/3892","targetHints":{"allow":["GET"]}}],"collection":[{"href":"https:\/\/untendanses.com\/index.php\/wp-json\/wp\/v2\/pages"}],"about":[{"href":"https:\/\/untendanses.com\/index.php\/wp-json\/wp\/v2\/types\/page"}],"author":[{"embeddable":true,"href":"https:\/\/untendanses.com\/index.php\/wp-json\/wp\/v2\/users\/1"}],"replies":[{"embeddable":true,"href":"https:\/\/untendanses.com\/index.php\/wp-json\/wp\/v2\/comments?post=3892"}],"version-history":[{"count":118,"href":"https:\/\/untendanses.com\/index.php\/wp-json\/wp\/v2\/pages\/3892\/revisions"}],"predecessor-version":[{"id":5915,"href":"https:\/\/untendanses.com\/index.php\/wp-json\/wp\/v2\/pages\/3892\/revisions\/5915"}],"wp:attachment":[{"href":"https:\/\/untendanses.com\/index.php\/wp-json\/wp\/v2\/media?parent=3892"}],"curies":[{"name":"wp","href":"https:\/\/api.w.org\/{rel}","templated":true}]}}