{"id":3655,"date":"2023-10-30T15:52:18","date_gmt":"2023-10-30T14:52:18","guid":{"rendered":"http:\/\/untendanses.com\/?page_id=3655"},"modified":"2025-04-22T16:34:54","modified_gmt":"2025-04-22T14:34:54","slug":"creations","status":"publish","type":"page","link":"https:\/\/untendanses.com\/index.php\/creations\/","title":{"rendered":"Spirale"},"content":{"rendered":"\t\t<div data-elementor-type=\"wp-page\" data-elementor-id=\"3655\" class=\"elementor elementor-3655\">\n\t\t\t\t\t\t<section class=\"elementor-section elementor-top-section elementor-element elementor-element-111250e elementor-section-boxed elementor-section-height-default elementor-section-height-default\" data-id=\"111250e\" data-element_type=\"section\" data-settings=\"{&quot;background_background&quot;:&quot;slideshow&quot;,&quot;background_slideshow_gallery&quot;:[{&quot;id&quot;:4356,&quot;url&quot;:&quot;http:\\\/\\\/untendanses.com\\\/wp-content\\\/uploads\\\/2024\\\/02\\\/IMAGE1-1-scaled.jpg&quot;},{&quot;id&quot;:4348,&quot;url&quot;:&quot;http:\\\/\\\/untendanses.com\\\/wp-content\\\/uploads\\\/2024\\\/02\\\/IMAGE4-1-scaled.jpg&quot;}],&quot;background_slideshow_loop&quot;:&quot;yes&quot;,&quot;background_slideshow_slide_duration&quot;:5000,&quot;background_slideshow_slide_transition&quot;:&quot;fade&quot;,&quot;background_slideshow_transition_duration&quot;:500}\">\n\t\t\t\t\t\t<div class=\"elementor-container elementor-column-gap-default\">\n\t\t\t\t\t<div class=\"elementor-column elementor-col-100 elementor-top-column elementor-element elementor-element-62f44e8\" data-id=\"62f44e8\" data-element_type=\"column\">\n\t\t\t<div class=\"elementor-widget-wrap\">\n\t\t\t\t\t\t\t<\/div>\n\t\t<\/div>\n\t\t\t\t\t<\/div>\n\t\t<\/section>\n\t\t\t\t<section class=\"elementor-section elementor-top-section elementor-element elementor-element-9af26d7 elementor-section-stretched animated-slow elementor-section-boxed elementor-section-height-default elementor-section-height-default elementor-invisible\" data-id=\"9af26d7\" data-element_type=\"section\" data-settings=\"{&quot;stretch_section&quot;:&quot;section-stretched&quot;,&quot;animation&quot;:&quot;fadeInRight&quot;,&quot;animation_delay&quot;:200}\">\n\t\t\t\t\t\t<div class=\"elementor-container elementor-column-gap-default\">\n\t\t\t\t\t<div class=\"elementor-column elementor-col-100 elementor-top-column elementor-element elementor-element-3f240c3\" data-id=\"3f240c3\" data-element_type=\"column\">\n\t\t\t<div class=\"elementor-widget-wrap elementor-element-populated\">\n\t\t\t\t\t\t<div class=\"elementor-element elementor-element-6fdb0d8 elementor-widget elementor-widget-text-editor\" data-id=\"6fdb0d8\" data-element_type=\"widget\" data-widget_type=\"text-editor.default\">\n\t\t\t\t<div class=\"elementor-widget-container\">\n\t\t\t\t\t\t\t\t\t<p><b>SPIRALE \u2013 Pr\u00e9sentation du projet<\/b><\/p><p><b>Synopsis<\/b><\/p><p>Spirale est un po\u00e8me chor\u00e9graphique, un rituel contemporain port\u00e9 par cinq femmes. \u00c0 travers les cycles du corps, du r\u00eave, de l\u2019effondrement et de la r\u00e9conciliation, le spectacle explore les tensions intimes du moi.<\/p><p>Inspir\u00e9 par le processus d\u2019individuation de C.G. Jung, Spirale est une travers\u00e9e incarn\u00e9e du f\u00e9minin pluriel et des identit\u00e9s mouvantes.<\/p><p><b>Une \u0153uvre inclusive et interg\u00e9n\u00e9rationnelle<\/b><\/p><p>N\u00e9e d\u2019une d\u00e9marche sensible et engag\u00e9e, Spirale rassemble des interpr\u00e8tes d\u2019\u00e2ges, d\u2019horizons et de parcours vari\u00e9s, dont certaines issues de dispositifs de soin. La cr\u00e9ation est un espace d\u2019accueil o\u00f9 les voix du dedans trouvent un langage par le geste, la r\u00e9p\u00e9tition, la po\u00e9sie. Elle invite \u00e0 danser ce qui ne peut se dire, \u00e0 faire du corps une archive vivante, \u00e0 ouvrir la sc\u00e8ne \u00e0 toutes les pr\u00e9sences.<\/p><p><b>Intentions artistiques<\/b><\/p><p>Spirale m\u00eale danse contemporaine, souffle rituel et texte po\u00e9tique. Chaque s\u00e9quence est une mue symbolique : du cocon au cri, du silence au verbe, du rejet \u00e0 l\u2019int\u00e9gration. Le corps devient passage, seuil, t\u00e9moin. Le texte de Myl\u00e8ne Fondecave agit comme une voix souterraine, intime et partag\u00e9e.<\/p><p><b>Distribution<\/b><\/p><p>Direction artistique et chor\u00e9graphie : Sandra Tavares<br \/>Texte : Myl\u00e8ne Fondecave<br \/>Interpr\u00e8tes : Elsa Fr\u00e9my, \u00c9lise Mazzocco, Roxane Nelzy, Ma\u00eblle Latapy, Marion Juliot,<span class=\"Apple-converted-space\">\u00a0<\/span><\/p><p><b>Musiques<\/b><\/p><p>Cosmogony \u2013 Mathew Herbert \/<span class=\"Apple-converted-space\">\u00a0 <\/span>Delirium \u2013 Ama Waves \/<span class=\"Apple-converted-space\">\u00a0 <\/span>Stormur \u2013 Thylacine<\/p><p><b>Cr\u00e9ation<\/b><\/p><p>Premi\u00e8re pr\u00e9vue : 02 mai 2025 \u00e0 l\u2019Oscillo th\u00e9\u00e2troscope, \u00e0 Cenon<br \/>Dur\u00e9e : 55 minutes<br \/>Tout public \u00e0 partir de 12 ans<\/p><p><b>Production<\/b><\/p><p>Cie Untendanses<br \/>Soutiens : Dojo Zen Bushido Mitsu, Centre d\u2019animation Argonne, h\u00e9\u00e2tre en Miettes, P\u00f4le Culture &amp; Sant\u00e9, T Ligue de l\u2019enseignement, Les Coqs Rouges, Centre Hospitalier Vauclaire,<\/p>\t\t\t\t\t\t\t\t<\/div>\n\t\t\t\t<\/div>\n\t\t\t\t\t<\/div>\n\t\t<\/div>\n\t\t\t\t\t<\/div>\n\t\t<\/section>\n\t\t\t\t<section class=\"elementor-section elementor-top-section elementor-element elementor-element-abfa31d animated-slow elementor-section-boxed elementor-section-height-default elementor-section-height-default elementor-invisible\" data-id=\"abfa31d\" data-element_type=\"section\" data-settings=\"{&quot;animation&quot;:&quot;fadeInLeft&quot;,&quot;animation_delay&quot;:200}\">\n\t\t\t\t\t\t<div class=\"elementor-container elementor-column-gap-default\">\n\t\t\t\t\t<div class=\"elementor-column elementor-col-100 elementor-top-column elementor-element elementor-element-1340761\" data-id=\"1340761\" data-element_type=\"column\">\n\t\t\t<div class=\"elementor-widget-wrap elementor-element-populated\">\n\t\t\t\t\t\t<div class=\"elementor-element elementor-element-195b962 elementor-widget elementor-widget-text-editor\" data-id=\"195b962\" data-element_type=\"widget\" data-widget_type=\"text-editor.default\">\n\t\t\t\t<div class=\"elementor-widget-container\">\n\t\t\t\t\t\t\t\t\t<p><b>Remerciements<\/b><\/p><p>La Cie Untendanses et Sandra Tavares remercient avec gratitude :<\/p><p><b>Les artistes impliqu\u00e9es<\/b><\/p><p>Pour leur engagement, leur pr\u00e9sence et leur vuln\u00e9rabilit\u00e9 cr\u00e9ative: <b>Elsa, Fr\u00e9my, \u00c9lise Mazzocco, Roxane Nelzy Ma\u00eblle Latapy, Marion Juliot. Toutes celles qui ont eut \u00e9t\u00e9 impliqu\u00e9es depuis les pr\u00e9mices de ce projet, Julie Thuillier, C\u00e9cile Hateau,G\u00e9raldine Laurens, Carole Achard, M.R., A.F..<\/b><br \/>Chacune a apport\u00e9 un souffle unique, un fragment de soi, une \u00e9coute pr\u00e9cieuse au c\u0153ur de <i>Spirale<\/i>.<\/p><p><b>Myl\u00e8ne Fondecave<\/b><\/p><p>Pour la confiance offerte et la beaut\u00e9 de ses mots, qui r\u00e9sonnent dans les corps et les voix comme un \u00e9cho de v\u00e9rit\u00e9.<\/p><p><b>Nos partenaires et soutiens<\/b><\/p><ul><li><b>Dojo Zen Bushido Mitsu<\/b><\/li><li><b>Centre d\u2019animation Argonne<\/b><\/li><li><b>Th\u00e9\u00e2tre en Miettes<\/b><\/li><li><b>Les Coqs Rouges<\/b><\/li><li><b>Centre Hospitalier Vauclaire<\/b><\/li><li><b>Ligue de l\u2019Enseignement<\/b><\/li><li><b>P\u00f4le Culture &amp; Sant\u00e9 Nouvelle-Aquitaine<\/b><\/li><\/ul><p><b>Partenaires artistiques<\/b><\/p><ul><li><b>AMA Waves<\/b><\/li><li><b>Cie Lullaby<\/b><\/li><\/ul>\t\t\t\t\t\t\t\t<\/div>\n\t\t\t\t<\/div>\n\t\t\t\t\t<\/div>\n\t\t<\/div>\n\t\t\t\t\t<\/div>\n\t\t<\/section>\n\t\t\t\t<section class=\"elementor-section elementor-top-section elementor-element elementor-element-8dc17fa elementor-section-full_width elementor-section-height-default elementor-section-height-default\" data-id=\"8dc17fa\" data-element_type=\"section\">\n\t\t\t\t\t\t<div class=\"elementor-container elementor-column-gap-default\">\n\t\t\t\t\t<div class=\"elementor-column elementor-col-100 elementor-top-column elementor-element elementor-element-992da20\" data-id=\"992da20\" data-element_type=\"column\">\n\t\t\t<div class=\"elementor-widget-wrap elementor-element-populated\">\n\t\t\t\t\t\t<div class=\"elementor-element elementor-element-e3f6524 elementor-widget elementor-widget-text-editor\" data-id=\"e3f6524\" data-element_type=\"widget\" data-widget_type=\"text-editor.default\">\n\t\t\t\t<div class=\"elementor-widget-container\">\n\t\t\t\t\t\t\t\t\t<h4><span style=\"font-size: 19px;\">Calendrier de\u00a0repr\u00e9sentations\u00a0<\/span><\/h4><p>25 novembre 2023 1\u00e8re pr\u00e9sentation publique \u00a0Th\u00e9\u00e2tre en Miettes, Bordeaux \u00a0<\/p><p>09 janvier 2025 19h30 Sortie de r\u00e9sidence Coqs rouges, Bordeaux<\/p><p>06 mars 2025 19h30 Sortie de r\u00e9sidence Salle Colibri Centre Hospitalier Vauclaire, Montpon et M\u00e9nest\u00e9rol<\/p><p>02 mai 2025 19h30 Repr\u00e9sentation Th\u00e9\u00e2tre Oscillo th\u00e9\u00e2troscope, Cenon<\/p>\t\t\t\t\t\t\t\t<\/div>\n\t\t\t\t<\/div>\n\t\t\t\t\t<\/div>\n\t\t<\/div>\n\t\t\t\t\t<\/div>\n\t\t<\/section>\n\t\t\t\t<section class=\"elementor-section elementor-top-section elementor-element elementor-element-2435560 elementor-section-boxed elementor-section-height-default elementor-section-height-default\" data-id=\"2435560\" data-element_type=\"section\" data-settings=\"{&quot;background_background&quot;:&quot;classic&quot;}\">\n\t\t\t\t\t\t<div class=\"elementor-container elementor-column-gap-default\">\n\t\t\t\t\t<div class=\"elementor-column elementor-col-50 elementor-top-column elementor-element elementor-element-4cabee1\" data-id=\"4cabee1\" data-element_type=\"column\">\n\t\t\t<div class=\"elementor-widget-wrap elementor-element-populated\">\n\t\t\t\t\t\t<div class=\"elementor-element elementor-element-48c193c elementor-widget elementor-widget-image\" data-id=\"48c193c\" data-element_type=\"widget\" data-widget_type=\"image.default\">\n\t\t\t\t<div class=\"elementor-widget-container\">\n\t\t\t\t\t\t\t\t\t\t\t\t\t\t\t<img fetchpriority=\"high\" decoding=\"async\" width=\"640\" height=\"360\" src=\"https:\/\/untendanses.com\/wp-content\/uploads\/2024\/01\/Spirale-SD-480-p-mov-image.jpg\" class=\"attachment-large size-large wp-image-3900\" alt=\"\" srcset=\"https:\/\/untendanses.com\/wp-content\/uploads\/2024\/01\/Spirale-SD-480-p-mov-image.jpg 640w, https:\/\/untendanses.com\/wp-content\/uploads\/2024\/01\/Spirale-SD-480-p-mov-image-300x169.jpg 300w, https:\/\/untendanses.com\/wp-content\/uploads\/2024\/01\/Spirale-SD-480-p-mov-image-230x129.jpg 230w, https:\/\/untendanses.com\/wp-content\/uploads\/2024\/01\/Spirale-SD-480-p-mov-image-350x197.jpg 350w, https:\/\/untendanses.com\/wp-content\/uploads\/2024\/01\/Spirale-SD-480-p-mov-image-480x270.jpg 480w\" sizes=\"(max-width: 640px) 100vw, 640px\" \/>\t\t\t\t\t\t\t\t\t\t\t\t\t\t\t<\/div>\n\t\t\t\t<\/div>\n\t\t\t\t\t<\/div>\n\t\t<\/div>\n\t\t\t\t<div class=\"elementor-column elementor-col-50 elementor-top-column elementor-element elementor-element-e4eec94\" data-id=\"e4eec94\" data-element_type=\"column\">\n\t\t\t<div class=\"elementor-widget-wrap elementor-element-populated\">\n\t\t\t\t\t\t<div class=\"elementor-element elementor-element-3d816f2 elementor-widget elementor-widget-image\" data-id=\"3d816f2\" data-element_type=\"widget\" data-widget_type=\"image.default\">\n\t\t\t\t<div class=\"elementor-widget-container\">\n\t\t\t\t\t\t\t\t\t\t\t\t\t\t\t<img decoding=\"async\" width=\"1024\" height=\"576\" src=\"https:\/\/untendanses.com\/wp-content\/uploads\/2024\/02\/IMAGE9-1024x576.jpg\" class=\"attachment-large size-large wp-image-4319\" alt=\"\" srcset=\"https:\/\/untendanses.com\/wp-content\/uploads\/2024\/02\/IMAGE9-1024x576.jpg 1024w, https:\/\/untendanses.com\/wp-content\/uploads\/2024\/02\/IMAGE9-300x169.jpg 300w, https:\/\/untendanses.com\/wp-content\/uploads\/2024\/02\/IMAGE9-768x432.jpg 768w, https:\/\/untendanses.com\/wp-content\/uploads\/2024\/02\/IMAGE9-1536x864.jpg 1536w, https:\/\/untendanses.com\/wp-content\/uploads\/2024\/02\/IMAGE9-2048x1152.jpg 2048w\" sizes=\"(max-width: 1024px) 100vw, 1024px\" \/>\t\t\t\t\t\t\t\t\t\t\t\t\t\t\t<\/div>\n\t\t\t\t<\/div>\n\t\t\t\t\t<\/div>\n\t\t<\/div>\n\t\t\t\t\t<\/div>\n\t\t<\/section>\n\t\t\t\t<section class=\"elementor-section elementor-top-section elementor-element elementor-element-fc8ce5f elementor-section-boxed elementor-section-height-default elementor-section-height-default\" data-id=\"fc8ce5f\" data-element_type=\"section\" data-settings=\"{&quot;background_background&quot;:&quot;classic&quot;}\">\n\t\t\t\t\t\t<div class=\"elementor-container elementor-column-gap-default\">\n\t\t\t\t\t<div class=\"elementor-column elementor-col-50 elementor-top-column elementor-element elementor-element-44fa62d\" data-id=\"44fa62d\" data-element_type=\"column\">\n\t\t\t<div class=\"elementor-widget-wrap elementor-element-populated\">\n\t\t\t\t\t\t<div class=\"elementor-element elementor-element-2104a20 elementor-widget elementor-widget-image\" data-id=\"2104a20\" data-element_type=\"widget\" data-widget_type=\"image.default\">\n\t\t\t\t<div class=\"elementor-widget-container\">\n\t\t\t\t\t\t\t\t\t\t\t\t\t\t\t<img decoding=\"async\" width=\"1024\" height=\"379\" src=\"https:\/\/untendanses.com\/wp-content\/uploads\/2024\/02\/IMAGE7-1-scaled-e1708547439349-1024x379.jpg\" class=\"attachment-large size-large wp-image-4355\" alt=\"\" srcset=\"https:\/\/untendanses.com\/wp-content\/uploads\/2024\/02\/IMAGE7-1-scaled-e1708547439349-1024x379.jpg 1024w, https:\/\/untendanses.com\/wp-content\/uploads\/2024\/02\/IMAGE7-1-scaled-e1708547439349-300x111.jpg 300w, https:\/\/untendanses.com\/wp-content\/uploads\/2024\/02\/IMAGE7-1-scaled-e1708547439349-768x284.jpg 768w, https:\/\/untendanses.com\/wp-content\/uploads\/2024\/02\/IMAGE7-1-scaled-e1708547439349-1536x568.jpg 1536w, https:\/\/untendanses.com\/wp-content\/uploads\/2024\/02\/IMAGE7-1-scaled-e1708547439349-2048x758.jpg 2048w\" sizes=\"(max-width: 1024px) 100vw, 1024px\" \/>\t\t\t\t\t\t\t\t\t\t\t\t\t\t\t<\/div>\n\t\t\t\t<\/div>\n\t\t\t\t\t<\/div>\n\t\t<\/div>\n\t\t\t\t<div class=\"elementor-column elementor-col-50 elementor-top-column elementor-element elementor-element-67857dd\" data-id=\"67857dd\" data-element_type=\"column\">\n\t\t\t<div class=\"elementor-widget-wrap elementor-element-populated\">\n\t\t\t\t\t\t<div class=\"elementor-element elementor-element-fdbfafc elementor-widget elementor-widget-image\" data-id=\"fdbfafc\" data-element_type=\"widget\" data-widget_type=\"image.default\">\n\t\t\t\t<div class=\"elementor-widget-container\">\n\t\t\t\t\t\t\t\t\t\t\t\t\t\t\t<img loading=\"lazy\" decoding=\"async\" width=\"1024\" height=\"576\" src=\"https:\/\/untendanses.com\/wp-content\/uploads\/2024\/02\/IMAGE12-1024x576.jpg\" class=\"attachment-large size-large wp-image-4322\" alt=\"\" srcset=\"https:\/\/untendanses.com\/wp-content\/uploads\/2024\/02\/IMAGE12-1024x576.jpg 1024w, https:\/\/untendanses.com\/wp-content\/uploads\/2024\/02\/IMAGE12-300x169.jpg 300w, https:\/\/untendanses.com\/wp-content\/uploads\/2024\/02\/IMAGE12-768x432.jpg 768w, https:\/\/untendanses.com\/wp-content\/uploads\/2024\/02\/IMAGE12-1536x864.jpg 1536w, https:\/\/untendanses.com\/wp-content\/uploads\/2024\/02\/IMAGE12-2048x1152.jpg 2048w\" sizes=\"(max-width: 1024px) 100vw, 1024px\" \/>\t\t\t\t\t\t\t\t\t\t\t\t\t\t\t<\/div>\n\t\t\t\t<\/div>\n\t\t\t\t\t<\/div>\n\t\t<\/div>\n\t\t\t\t\t<\/div>\n\t\t<\/section>\n\t\t\t\t<\/div>\n\t\t","protected":false},"excerpt":{"rendered":"<p>SPIRALE \u2013 Pr\u00e9sentation du projet Synopsis Spirale est un po\u00e8me chor\u00e9graphique, un rituel contemporain port\u00e9 par cinq femmes. \u00c0 travers les cycles du corps, du r\u00eave, de l\u2019effondrement et de la r\u00e9conciliation, le spectacle explore les tensions intimes du moi. Inspir\u00e9 par le processus d\u2019individuation de C.G. Jung, Spirale est une travers\u00e9e incarn\u00e9e du f\u00e9minin [&hellip;]<\/p>\n","protected":false},"author":1,"featured_media":0,"parent":0,"menu_order":0,"comment_status":"closed","ping_status":"closed","template":"elementor_header_footer","meta":{"footnotes":""},"class_list":["post-3655","page","type-page","status-publish","hentry"],"_links":{"self":[{"href":"https:\/\/untendanses.com\/index.php\/wp-json\/wp\/v2\/pages\/3655","targetHints":{"allow":["GET"]}}],"collection":[{"href":"https:\/\/untendanses.com\/index.php\/wp-json\/wp\/v2\/pages"}],"about":[{"href":"https:\/\/untendanses.com\/index.php\/wp-json\/wp\/v2\/types\/page"}],"author":[{"embeddable":true,"href":"https:\/\/untendanses.com\/index.php\/wp-json\/wp\/v2\/users\/1"}],"replies":[{"embeddable":true,"href":"https:\/\/untendanses.com\/index.php\/wp-json\/wp\/v2\/comments?post=3655"}],"version-history":[{"count":302,"href":"https:\/\/untendanses.com\/index.php\/wp-json\/wp\/v2\/pages\/3655\/revisions"}],"predecessor-version":[{"id":5817,"href":"https:\/\/untendanses.com\/index.php\/wp-json\/wp\/v2\/pages\/3655\/revisions\/5817"}],"wp:attachment":[{"href":"https:\/\/untendanses.com\/index.php\/wp-json\/wp\/v2\/media?parent=3655"}],"curies":[{"name":"wp","href":"https:\/\/api.w.org\/{rel}","templated":true}]}}